{"id":1438,"date":"2021-06-10T08:52:34","date_gmt":"2021-06-10T06:52:34","guid":{"rendered":"https:\/\/www.germstar.si\/trgovina\/Bez%20kategorije\/g2-tekoce-milo-355ml\/"},"modified":"2021-06-15T12:38:18","modified_gmt":"2021-06-15T10:38:18","slug":"g2-tekoce-milo-355ml","status":"publish","type":"product","link":"https:\/\/www.germstar.si\/hr\/trgovina\/za-dom-in-druzino-hr\/g2-tekoce-milo-355ml\/","title":{"rendered":"G2 TEKU\u0106I SAPUN 355ml"},"content":{"rendered":"<p>Posebno blagi teku\u0107i sapun<br \/>\n\u2013 Iznimno nje\u017eni teku\u0107i sapun napravljen od najfinijih sastojaka<br \/>\n-Oblikujeblagu pjenu za \u010di\u0161\u0107enje,kojanjegujeruke<\/p>\n<p>-\u0160titi od ne\u010disto\u0107e i odr\u017eava va\u0161e ruke \u010diste i mekana<br \/>\n-Bogata pjena ostavlja nje\u017ean i ugodan miris<br \/>\n-Jednostavno zamijeniti prazne vre\u0107ice s novom<\/p>\n<p>Teku\u0107i sapuni Germstar su vrlo nje\u017eni i tako su pogodani za sve tipove ko\u017ee, \u010dak i najosjetljivije. U\u010dinkoviti su uklanjanju svih ne\u010disto\u0107a, ostavljaju\u0107i ko\u017eu \u010distom i mekom. Teku\u0107i sapun Germstar dolazi iz automata \u010dine\u010di bogatu pjenu za \u010di\u0161\u0107enje i time smanjiti potro\u0161nju samo sapunice, a na ko\u017ei ostavlja ugodan miris. Sapun je napravljen od visoke kvalitetnih i prirodnih sastojaka, on se mo\u017ee koristiti kod ku\u0107e, kao i u vrti\u0107ima jer je siguran za kori\u0161tenje i nje\u017ean za dje\u010dju ko\u017eu. Oblikom i doziranje senzorom, pove\u0107ati \u0107e u\u010destalost pranja ruku kod djece.<br \/>\nPranje ruku je najjednostavnija mjera kako bi se sprije\u010dilo \u0161irenje zaraznih bolesti.<\/p>\n","protected":false},"excerpt":{"rendered":"<p>Posebno blagi teku\u0107i sapun<br \/>\n\u2013 Iznimno nje\u017eni teku\u0107i sapun napravljen od najfinijih sastojaka<br \/>\n-Oblikujeblagu pjenu za \u010di\u0161\u0107enje,kojanjegujeruke<\/p>\n<p>-\u0160titi od ne\u010disto\u0107e i odr\u017eava va\u0161e ruke \u010diste i mekana<br \/>\n-Bogata pjena ostavlja nje\u017ean i ugodan miris<br \/>\n-Jednostavno zamijeniti prazne vre\u0107ice s novom<\/p>\n<p>Teku\u0107i sapuni Germstar su vrlo nje\u017eni i tako su pogodani za sve tipove ko\u017ee, \u010dak i najosjetljivije. U\u010dinkoviti su uklanjanju svih ne\u010disto\u0107a, ostavljaju\u0107i ko\u017eu \u010distom i mekom. Teku\u0107i sapun Germstar dolazi iz automata \u010dine\u010di bogatu pjenu za \u010di\u0161\u0107enje i time smanjiti potro\u0161nju samo sapunice, a na ko\u017ei ostavlja ugodan miris. Sapun je napravljen od visoke kvalitetnih i prirodnih sastojaka, on se mo\u017ee koristiti kod ku\u0107e, kao i u vrti\u0107ima jer je siguran za kori\u0161tenje i nje\u017ean za dje\u010dju ko\u017eu. Oblikom i doziranje senzorom, pove\u0107ati \u0107e u\u010destalost pranja ruku kod djece.<br \/>\nPranje ruku je najjednostavnija mjera kako bi se sprije\u010dilo \u0161irenje zaraznih bolesti.<\/p>\n","protected":false},"featured_media":1203,"template":"","meta":{"_acf_changed":false},"product_cat":[65],"product_tag":[],"class_list":{"0":"post-1438","1":"product","2":"type-product","3":"status-publish","4":"has-post-thumbnail","6":"product_cat-za-dom-in-druzino-hr","8":"first","9":"instock","10":"taxable","11":"shipping-taxable","12":"purchasable","13":"product-type-simple"},"acf":[],"yoast_head":"<!-- This site is optimized with the Yoast SEO plugin v23.9 - https:\/\/yoast.com\/wordpress\/plugins\/seo\/ -->\n<title>G2 TEKU\u0106I SAPUN 355ml - Germstar<\/title>\n<meta name=\"robots\" content=\"index, follow, max-snippet:-1, max-image-preview:large, max-video-preview:-1\" \/>\n<link rel=\"canonical\" href=\"https:\/\/www.germstar.si\/hr\/trgovina\/za-dom-in-druzino-hr\/g2-tekoce-milo-355ml\/\" \/>\n<meta property=\"og:locale\" content=\"hr_HR\" \/>\n<meta property=\"og:type\" content=\"article\" \/>\n<meta property=\"og:title\" content=\"G2 TEKU\u0106I SAPUN 355ml - Germstar\" \/>\n<meta property=\"og:description\" content=\"Posebno blagi teku\u0107i sapun \u2013 Iznimno nje\u017eni teku\u0107i sapun napravljen od najfinijih sastojaka -Oblikujeblagu pjenu za \u010di\u0161\u0107enje,kojanjegujeruke  -\u0160titi od ne\u010disto\u0107e i odr\u017eava va\u0161e ruke \u010diste i mekana -Bogata pjena ostavlja nje\u017ean i ugodan miris -Jednostavno zamijeniti prazne vre\u0107ice s novom  Teku\u0107i sapuni Germstar su vrlo nje\u017eni i tako su pogodani za sve tipove ko\u017ee, \u010dak i najosjetljivije. U\u010dinkoviti su uklanjanju svih ne\u010disto\u0107a, ostavljaju\u0107i ko\u017eu \u010distom i mekom. Teku\u0107i sapun Germstar dolazi iz automata \u010dine\u010di bogatu pjenu za \u010di\u0161\u0107enje i time smanjiti potro\u0161nju samo sapunice, a na ko\u017ei ostavlja ugodan miris. Sapun je napravljen od visoke kvalitetnih i prirodnih sastojaka, on se mo\u017ee koristiti kod ku\u0107e, kao i u vrti\u0107ima jer je siguran za kori\u0161tenje i nje\u017ean za dje\u010dju ko\u017eu. Oblikom i doziranje senzorom, pove\u0107ati \u0107e u\u010destalost pranja ruku kod djece. Pranje ruku je najjednostavnija mjera kako bi se sprije\u010dilo \u0161irenje zaraznih bolesti.\" \/>\n<meta property=\"og:url\" content=\"https:\/\/www.germstar.si\/hr\/trgovina\/za-dom-in-druzino-hr\/g2-tekoce-milo-355ml\/\" \/>\n<meta property=\"og:site_name\" content=\"Germstar\" \/>\n<meta property=\"article:modified_time\" content=\"2021-06-15T10:38:18+00:00\" \/>\n<meta property=\"og:image\" content=\"https:\/\/www.germstar.si\/wp-content\/uploads\/2021\/06\/IMG_8535.png\" \/>\n\t<meta property=\"og:image:width\" content=\"900\" \/>\n\t<meta property=\"og:image:height\" content=\"1200\" \/>\n\t<meta property=\"og:image:type\" content=\"image\/png\" \/>\n<meta name=\"twitter:card\" content=\"summary_large_image\" \/>\n<meta name=\"twitter:label1\" content=\"Procijenjeno vrijeme \u010ditanja\" \/>\n\t<meta name=\"twitter:data1\" content=\"1 minuta\" \/>\n<script type=\"application\/ld+json\" class=\"yoast-schema-graph\">{\"@context\":\"https:\/\/schema.org\",\"@graph\":[{\"@type\":\"WebPage\",\"@id\":\"https:\/\/www.germstar.si\/hr\/trgovina\/za-dom-in-druzino-hr\/g2-tekoce-milo-355ml\/\",\"url\":\"https:\/\/www.germstar.si\/hr\/trgovina\/za-dom-in-druzino-hr\/g2-tekoce-milo-355ml\/\",\"name\":\"G2 TEKU\u0106I SAPUN 355ml - Germstar\",\"isPartOf\":{\"@id\":\"https:\/\/www.germstar.si\/#website\"},\"primaryImageOfPage\":{\"@id\":\"https:\/\/www.germstar.si\/hr\/trgovina\/za-dom-in-druzino-hr\/g2-tekoce-milo-355ml\/#primaryimage\"},\"image\":{\"@id\":\"https:\/\/www.germstar.si\/hr\/trgovina\/za-dom-in-druzino-hr\/g2-tekoce-milo-355ml\/#primaryimage\"},\"thumbnailUrl\":\"https:\/\/www.germstar.si\/wp-content\/uploads\/2021\/06\/IMG_8535.png\",\"datePublished\":\"2021-06-10T06:52:34+00:00\",\"dateModified\":\"2021-06-15T10:38:18+00:00\",\"breadcrumb\":{\"@id\":\"https:\/\/www.germstar.si\/hr\/trgovina\/za-dom-in-druzino-hr\/g2-tekoce-milo-355ml\/#breadcrumb\"},\"inLanguage\":\"hr\",\"potentialAction\":[{\"@type\":\"ReadAction\",\"target\":[\"https:\/\/www.germstar.si\/hr\/trgovina\/za-dom-in-druzino-hr\/g2-tekoce-milo-355ml\/\"]}]},{\"@type\":\"ImageObject\",\"inLanguage\":\"hr\",\"@id\":\"https:\/\/www.germstar.si\/hr\/trgovina\/za-dom-in-druzino-hr\/g2-tekoce-milo-355ml\/#primaryimage\",\"url\":\"https:\/\/www.germstar.si\/wp-content\/uploads\/2021\/06\/IMG_8535.png\",\"contentUrl\":\"https:\/\/www.germstar.si\/wp-content\/uploads\/2021\/06\/IMG_8535.png\",\"width\":900,\"height\":1200},{\"@type\":\"BreadcrumbList\",\"@id\":\"https:\/\/www.germstar.si\/hr\/trgovina\/za-dom-in-druzino-hr\/g2-tekoce-milo-355ml\/#breadcrumb\",\"itemListElement\":[{\"@type\":\"ListItem\",\"position\":1,\"name\":\"Home\",\"item\":\"https:\/\/www.germstar.si\/hr\/\"},{\"@type\":\"ListItem\",\"position\":2,\"name\":\"Trgovina\",\"item\":\"https:\/\/www.germstar.si\/hr\/trgovina\/\"},{\"@type\":\"ListItem\",\"position\":3,\"name\":\"G2 TEKU\u0106I SAPUN 355ml\"}]},{\"@type\":\"WebSite\",\"@id\":\"https:\/\/www.germstar.si\/#website\",\"url\":\"https:\/\/www.germstar.si\/\",\"name\":\"Germstar\",\"description\":\"Antibakterijska razku\u017eila in mila za roke\",\"publisher\":{\"@id\":\"https:\/\/www.germstar.si\/#organization\"},\"potentialAction\":[{\"@type\":\"SearchAction\",\"target\":{\"@type\":\"EntryPoint\",\"urlTemplate\":\"https:\/\/www.germstar.si\/?s={search_term_string}\"},\"query-input\":{\"@type\":\"PropertyValueSpecification\",\"valueRequired\":true,\"valueName\":\"search_term_string\"}}],\"inLanguage\":\"hr\"},{\"@type\":\"Organization\",\"@id\":\"https:\/\/www.germstar.si\/#organization\",\"name\":\"Germstar\",\"url\":\"https:\/\/www.germstar.si\/\",\"logo\":{\"@type\":\"ImageObject\",\"inLanguage\":\"hr\",\"@id\":\"https:\/\/www.germstar.si\/#\/schema\/logo\/image\/\",\"url\":\"https:\/\/www.germstar.si\/wp-content\/uploads\/2021\/03\/logo.png\",\"contentUrl\":\"https:\/\/www.germstar.si\/wp-content\/uploads\/2021\/03\/logo.png\",\"width\":287,\"height\":75,\"caption\":\"Germstar\"},\"image\":{\"@id\":\"https:\/\/www.germstar.si\/#\/schema\/logo\/image\/\"}}]}<\/script>\n<!-- \/ Yoast SEO plugin. -->","yoast_head_json":{"title":"G2 TEKU\u0106I SAPUN 355ml - Germstar","robots":{"index":"index","follow":"follow","max-snippet":"max-snippet:-1","max-image-preview":"max-image-preview:large","max-video-preview":"max-video-preview:-1"},"canonical":"https:\/\/www.germstar.si\/hr\/trgovina\/za-dom-in-druzino-hr\/g2-tekoce-milo-355ml\/","og_locale":"hr_HR","og_type":"article","og_title":"G2 TEKU\u0106I SAPUN 355ml - Germstar","og_description":"Posebno blagi teku\u0107i sapun \u2013 Iznimno nje\u017eni teku\u0107i sapun napravljen od najfinijih sastojaka -Oblikujeblagu pjenu za \u010di\u0161\u0107enje,kojanjegujeruke  -\u0160titi od ne\u010disto\u0107e i odr\u017eava va\u0161e ruke \u010diste i mekana -Bogata pjena ostavlja nje\u017ean i ugodan miris -Jednostavno zamijeniti prazne vre\u0107ice s novom  Teku\u0107i sapuni Germstar su vrlo nje\u017eni i tako su pogodani za sve tipove ko\u017ee, \u010dak i najosjetljivije. U\u010dinkoviti su uklanjanju svih ne\u010disto\u0107a, ostavljaju\u0107i ko\u017eu \u010distom i mekom. Teku\u0107i sapun Germstar dolazi iz automata \u010dine\u010di bogatu pjenu za \u010di\u0161\u0107enje i time smanjiti potro\u0161nju samo sapunice, a na ko\u017ei ostavlja ugodan miris. Sapun je napravljen od visoke kvalitetnih i prirodnih sastojaka, on se mo\u017ee koristiti kod ku\u0107e, kao i u vrti\u0107ima jer je siguran za kori\u0161tenje i nje\u017ean za dje\u010dju ko\u017eu. Oblikom i doziranje senzorom, pove\u0107ati \u0107e u\u010destalost pranja ruku kod djece. Pranje ruku je najjednostavnija mjera kako bi se sprije\u010dilo \u0161irenje zaraznih bolesti.","og_url":"https:\/\/www.germstar.si\/hr\/trgovina\/za-dom-in-druzino-hr\/g2-tekoce-milo-355ml\/","og_site_name":"Germstar","article_modified_time":"2021-06-15T10:38:18+00:00","og_image":[{"width":900,"height":1200,"url":"https:\/\/www.germstar.si\/wp-content\/uploads\/2021\/06\/IMG_8535.png","type":"image\/png"}],"twitter_card":"summary_large_image","twitter_misc":{"Procijenjeno vrijeme \u010ditanja":"1 minuta"},"schema":{"@context":"https:\/\/schema.org","@graph":[{"@type":"WebPage","@id":"https:\/\/www.germstar.si\/hr\/trgovina\/za-dom-in-druzino-hr\/g2-tekoce-milo-355ml\/","url":"https:\/\/www.germstar.si\/hr\/trgovina\/za-dom-in-druzino-hr\/g2-tekoce-milo-355ml\/","name":"G2 TEKU\u0106I SAPUN 355ml - Germstar","isPartOf":{"@id":"https:\/\/www.germstar.si\/#website"},"primaryImageOfPage":{"@id":"https:\/\/www.germstar.si\/hr\/trgovina\/za-dom-in-druzino-hr\/g2-tekoce-milo-355ml\/#primaryimage"},"image":{"@id":"https:\/\/www.germstar.si\/hr\/trgovina\/za-dom-in-druzino-hr\/g2-tekoce-milo-355ml\/#primaryimage"},"thumbnailUrl":"https:\/\/www.germstar.si\/wp-content\/uploads\/2021\/06\/IMG_8535.png","datePublished":"2021-06-10T06:52:34+00:00","dateModified":"2021-06-15T10:38:18+00:00","breadcrumb":{"@id":"https:\/\/www.germstar.si\/hr\/trgovina\/za-dom-in-druzino-hr\/g2-tekoce-milo-355ml\/#breadcrumb"},"inLanguage":"hr","potentialAction":[{"@type":"ReadAction","target":["https:\/\/www.germstar.si\/hr\/trgovina\/za-dom-in-druzino-hr\/g2-tekoce-milo-355ml\/"]}]},{"@type":"ImageObject","inLanguage":"hr","@id":"https:\/\/www.germstar.si\/hr\/trgovina\/za-dom-in-druzino-hr\/g2-tekoce-milo-355ml\/#primaryimage","url":"https:\/\/www.germstar.si\/wp-content\/uploads\/2021\/06\/IMG_8535.png","contentUrl":"https:\/\/www.germstar.si\/wp-content\/uploads\/2021\/06\/IMG_8535.png","width":900,"height":1200},{"@type":"BreadcrumbList","@id":"https:\/\/www.germstar.si\/hr\/trgovina\/za-dom-in-druzino-hr\/g2-tekoce-milo-355ml\/#breadcrumb","itemListElement":[{"@type":"ListItem","position":1,"name":"Home","item":"https:\/\/www.germstar.si\/hr\/"},{"@type":"ListItem","position":2,"name":"Trgovina","item":"https:\/\/www.germstar.si\/hr\/trgovina\/"},{"@type":"ListItem","position":3,"name":"G2 TEKU\u0106I SAPUN 355ml"}]},{"@type":"WebSite","@id":"https:\/\/www.germstar.si\/#website","url":"https:\/\/www.germstar.si\/","name":"Germstar","description":"Antibakterijska razku\u017eila in mila za roke","publisher":{"@id":"https:\/\/www.germstar.si\/#organization"},"potentialAction":[{"@type":"SearchAction","target":{"@type":"EntryPoint","urlTemplate":"https:\/\/www.germstar.si\/?s={search_term_string}"},"query-input":{"@type":"PropertyValueSpecification","valueRequired":true,"valueName":"search_term_string"}}],"inLanguage":"hr"},{"@type":"Organization","@id":"https:\/\/www.germstar.si\/#organization","name":"Germstar","url":"https:\/\/www.germstar.si\/","logo":{"@type":"ImageObject","inLanguage":"hr","@id":"https:\/\/www.germstar.si\/#\/schema\/logo\/image\/","url":"https:\/\/www.germstar.si\/wp-content\/uploads\/2021\/03\/logo.png","contentUrl":"https:\/\/www.germstar.si\/wp-content\/uploads\/2021\/03\/logo.png","width":287,"height":75,"caption":"Germstar"},"image":{"@id":"https:\/\/www.germstar.si\/#\/schema\/logo\/image\/"}}]}},"_links":{"self":[{"href":"https:\/\/www.germstar.si\/hr\/wp-json\/wp\/v2\/product\/1438","targetHints":{"allow":["GET"]}}],"collection":[{"href":"https:\/\/www.germstar.si\/hr\/wp-json\/wp\/v2\/product"}],"about":[{"href":"https:\/\/www.germstar.si\/hr\/wp-json\/wp\/v2\/types\/product"}],"wp:featuredmedia":[{"embeddable":true,"href":"https:\/\/www.germstar.si\/hr\/wp-json\/wp\/v2\/media\/1203"}],"wp:attachment":[{"href":"https:\/\/www.germstar.si\/hr\/wp-json\/wp\/v2\/media?parent=1438"}],"wp:term":[{"taxonomy":"product_cat","embeddable":true,"href":"https:\/\/www.germstar.si\/hr\/wp-json\/wp\/v2\/product_cat?post=1438"},{"taxonomy":"product_tag","embeddable":true,"href":"https:\/\/www.germstar.si\/hr\/wp-json\/wp\/v2\/product_tag?post=1438"}],"curies":[{"name":"wp","href":"https:\/\/api.w.org\/{rel}","templated":true}]}}