{"id":1436,"date":"2021-06-10T08:45:11","date_gmt":"2021-06-10T06:45:11","guid":{"rendered":"https:\/\/www.germstar.si\/trgovina\/Bez%20kategorije\/razkuzilo-za-roke-germstar-original-355ml\/"},"modified":"2021-07-09T07:28:52","modified_gmt":"2021-07-09T05:28:52","slug":"razkuzilo-za-roke-germstar-original-355ml","status":"publish","type":"product","link":"https:\/\/www.germstar.si\/hr\/trgovina\/za-dom-in-druzino-hr\/razkuzilo-za-roke-germstar-original-355ml\/","title":{"rendered":"G2 teku\u0107ina za dezinfekciju 355ml"},"content":{"rendered":"<p>G2 teku\u0107ina za dezinfekciju je za punjenje dozatora za osobnu njegu <strong>G2<\/strong>.<br \/>\nPromjena vre\u0107ice je jednostavna i brza.<br \/>\n&#8211; jednokratno punjenje dovoljno je za 500 pranja ruku.<br \/>\n&#8211; tvorni\u010dki zatvorene vre\u0107ice pru\u017eaju nekontaminirani sadr\u017eaj.<br \/>\nVre\u0107ica sadr\u017ei 355 ml teku\u0107ine za dezinfekciju, koji je u nekoliko sekundi uni\u0161tavaju 99 posto svih bakterija.<\/p>\n<p><a title=\"Ve\u010d o razku\u017eilu Germstar\" href=\"https:\/\/www.germstar.hr\/zasto-germstar\/\" target=\"_blank\" rel=\"noopener noreferrer\"><strong>Vi\u0161e o dezinfekciju\u00a0Germstara teku\u0107ine<\/strong><\/a><\/p>\n","protected":false},"excerpt":{"rendered":"<p>GERMSTAR ORIGINAL HAND SANITIZER 355ml<\/p>\n<p>G2 teku\u0107ina za dezinfekciju je za punjenje dozatora za osobnu njegu <strong>G2<\/strong>.<br \/>\nPromjena vre\u0107ice je jednostavna i brza.<br \/>\n&#8211; jednokratno punjenje dovoljno je za 500 pranja ruku.<br \/>\n&#8211; tvorni\u010dki zatvorene vre\u0107ice pru\u017eaju nekontaminirani sadr\u017eaj.<br \/>\nVre\u0107ica sadr\u017ei 355 ml teku\u0107ine za dezinfekciju, koji je u nekoliko sekundi uni\u0161tavaju 99 posto svih bakterija.<\/p>\n<p><a title=\"Ve\u010d o razku\u017eilu Germstar\" href=\"https:\/\/www.germstar.hr\/zasto-germstar\/\" target=\"_blank\" rel=\"noopener noreferrer\"><strong>Vi\u0161e o dezinfekciju Germstara teku\u0107ine<\/strong><\/a><\/p>\n","protected":false},"featured_media":1199,"template":"","meta":{"_acf_changed":false},"product_cat":[65],"product_tag":[],"class_list":{"0":"post-1436","1":"product","2":"type-product","3":"status-publish","4":"has-post-thumbnail","6":"product_cat-za-dom-in-druzino-hr","8":"first","9":"instock","10":"taxable","11":"shipping-taxable","12":"purchasable","13":"product-type-simple"},"acf":[],"yoast_head":"<!-- This site is optimized with the Yoast SEO plugin v23.9 - https:\/\/yoast.com\/wordpress\/plugins\/seo\/ -->\n<title>G2 teku\u0107ina za dezinfekciju 355ml - Germstar<\/title>\n<meta name=\"robots\" content=\"index, follow, max-snippet:-1, max-image-preview:large, max-video-preview:-1\" \/>\n<link rel=\"canonical\" href=\"https:\/\/www.germstar.si\/hr\/trgovina\/za-dom-in-druzino-hr\/razkuzilo-za-roke-germstar-original-355ml\/\" \/>\n<meta property=\"og:locale\" content=\"hr_HR\" \/>\n<meta property=\"og:type\" content=\"article\" \/>\n<meta property=\"og:title\" content=\"G2 teku\u0107ina za dezinfekciju 355ml - Germstar\" \/>\n<meta property=\"og:description\" content=\"GERMSTAR ORIGINAL HAND SANITIZER 355ml  G2 teku\u0107ina za dezinfekciju je za punjenje dozatora za osobnu njegu G2. Promjena vre\u0107ice je jednostavna i brza. - jednokratno punjenje dovoljno je za 500 pranja ruku. - tvorni\u010dki zatvorene vre\u0107ice pru\u017eaju nekontaminirani sadr\u017eaj. Vre\u0107ica sadr\u017ei 355 ml teku\u0107ine za dezinfekciju, koji je u nekoliko sekundi uni\u0161tavaju 99 posto svih bakterija.  Vi\u0161e o dezinfekciju Germstara teku\u0107ine\" \/>\n<meta property=\"og:url\" content=\"https:\/\/www.germstar.si\/hr\/trgovina\/za-dom-in-druzino-hr\/razkuzilo-za-roke-germstar-original-355ml\/\" \/>\n<meta property=\"og:site_name\" content=\"Germstar\" \/>\n<meta property=\"article:modified_time\" content=\"2021-07-09T05:28:52+00:00\" \/>\n<meta property=\"og:image\" content=\"https:\/\/www.germstar.si\/wp-content\/uploads\/2021\/06\/IMG_8529.png\" \/>\n\t<meta property=\"og:image:width\" content=\"900\" \/>\n\t<meta property=\"og:image:height\" content=\"1200\" \/>\n\t<meta property=\"og:image:type\" content=\"image\/png\" \/>\n<meta name=\"twitter:card\" content=\"summary_large_image\" \/>\n<script type=\"application\/ld+json\" class=\"yoast-schema-graph\">{\"@context\":\"https:\/\/schema.org\",\"@graph\":[{\"@type\":\"WebPage\",\"@id\":\"https:\/\/www.germstar.si\/hr\/trgovina\/za-dom-in-druzino-hr\/razkuzilo-za-roke-germstar-original-355ml\/\",\"url\":\"https:\/\/www.germstar.si\/hr\/trgovina\/za-dom-in-druzino-hr\/razkuzilo-za-roke-germstar-original-355ml\/\",\"name\":\"G2 teku\u0107ina za dezinfekciju 355ml - Germstar\",\"isPartOf\":{\"@id\":\"https:\/\/www.germstar.si\/#website\"},\"primaryImageOfPage\":{\"@id\":\"https:\/\/www.germstar.si\/hr\/trgovina\/za-dom-in-druzino-hr\/razkuzilo-za-roke-germstar-original-355ml\/#primaryimage\"},\"image\":{\"@id\":\"https:\/\/www.germstar.si\/hr\/trgovina\/za-dom-in-druzino-hr\/razkuzilo-za-roke-germstar-original-355ml\/#primaryimage\"},\"thumbnailUrl\":\"https:\/\/www.germstar.si\/wp-content\/uploads\/2021\/06\/IMG_8529.png\",\"datePublished\":\"2021-06-10T06:45:11+00:00\",\"dateModified\":\"2021-07-09T05:28:52+00:00\",\"breadcrumb\":{\"@id\":\"https:\/\/www.germstar.si\/hr\/trgovina\/za-dom-in-druzino-hr\/razkuzilo-za-roke-germstar-original-355ml\/#breadcrumb\"},\"inLanguage\":\"hr\",\"potentialAction\":[{\"@type\":\"ReadAction\",\"target\":[\"https:\/\/www.germstar.si\/hr\/trgovina\/za-dom-in-druzino-hr\/razkuzilo-za-roke-germstar-original-355ml\/\"]}]},{\"@type\":\"ImageObject\",\"inLanguage\":\"hr\",\"@id\":\"https:\/\/www.germstar.si\/hr\/trgovina\/za-dom-in-druzino-hr\/razkuzilo-za-roke-germstar-original-355ml\/#primaryimage\",\"url\":\"https:\/\/www.germstar.si\/wp-content\/uploads\/2021\/06\/IMG_8529.png\",\"contentUrl\":\"https:\/\/www.germstar.si\/wp-content\/uploads\/2021\/06\/IMG_8529.png\",\"width\":900,\"height\":1200},{\"@type\":\"BreadcrumbList\",\"@id\":\"https:\/\/www.germstar.si\/hr\/trgovina\/za-dom-in-druzino-hr\/razkuzilo-za-roke-germstar-original-355ml\/#breadcrumb\",\"itemListElement\":[{\"@type\":\"ListItem\",\"position\":1,\"name\":\"Home\",\"item\":\"https:\/\/www.germstar.si\/hr\/\"},{\"@type\":\"ListItem\",\"position\":2,\"name\":\"Trgovina\",\"item\":\"https:\/\/www.germstar.si\/hr\/trgovina\/\"},{\"@type\":\"ListItem\",\"position\":3,\"name\":\"G2 teku\u0107ina za dezinfekciju 355ml\"}]},{\"@type\":\"WebSite\",\"@id\":\"https:\/\/www.germstar.si\/#website\",\"url\":\"https:\/\/www.germstar.si\/\",\"name\":\"Germstar\",\"description\":\"Antibakterijska razku\u017eila in mila za roke\",\"publisher\":{\"@id\":\"https:\/\/www.germstar.si\/#organization\"},\"potentialAction\":[{\"@type\":\"SearchAction\",\"target\":{\"@type\":\"EntryPoint\",\"urlTemplate\":\"https:\/\/www.germstar.si\/?s={search_term_string}\"},\"query-input\":{\"@type\":\"PropertyValueSpecification\",\"valueRequired\":true,\"valueName\":\"search_term_string\"}}],\"inLanguage\":\"hr\"},{\"@type\":\"Organization\",\"@id\":\"https:\/\/www.germstar.si\/#organization\",\"name\":\"Germstar\",\"url\":\"https:\/\/www.germstar.si\/\",\"logo\":{\"@type\":\"ImageObject\",\"inLanguage\":\"hr\",\"@id\":\"https:\/\/www.germstar.si\/#\/schema\/logo\/image\/\",\"url\":\"https:\/\/www.germstar.si\/wp-content\/uploads\/2021\/03\/logo.png\",\"contentUrl\":\"https:\/\/www.germstar.si\/wp-content\/uploads\/2021\/03\/logo.png\",\"width\":287,\"height\":75,\"caption\":\"Germstar\"},\"image\":{\"@id\":\"https:\/\/www.germstar.si\/#\/schema\/logo\/image\/\"}}]}<\/script>\n<!-- \/ Yoast SEO plugin. -->","yoast_head_json":{"title":"G2 teku\u0107ina za dezinfekciju 355ml - Germstar","robots":{"index":"index","follow":"follow","max-snippet":"max-snippet:-1","max-image-preview":"max-image-preview:large","max-video-preview":"max-video-preview:-1"},"canonical":"https:\/\/www.germstar.si\/hr\/trgovina\/za-dom-in-druzino-hr\/razkuzilo-za-roke-germstar-original-355ml\/","og_locale":"hr_HR","og_type":"article","og_title":"G2 teku\u0107ina za dezinfekciju 355ml - Germstar","og_description":"GERMSTAR ORIGINAL HAND SANITIZER 355ml  G2 teku\u0107ina za dezinfekciju je za punjenje dozatora za osobnu njegu G2. Promjena vre\u0107ice je jednostavna i brza. - jednokratno punjenje dovoljno je za 500 pranja ruku. - tvorni\u010dki zatvorene vre\u0107ice pru\u017eaju nekontaminirani sadr\u017eaj. Vre\u0107ica sadr\u017ei 355 ml teku\u0107ine za dezinfekciju, koji je u nekoliko sekundi uni\u0161tavaju 99 posto svih bakterija.  Vi\u0161e o dezinfekciju Germstara teku\u0107ine","og_url":"https:\/\/www.germstar.si\/hr\/trgovina\/za-dom-in-druzino-hr\/razkuzilo-za-roke-germstar-original-355ml\/","og_site_name":"Germstar","article_modified_time":"2021-07-09T05:28:52+00:00","og_image":[{"width":900,"height":1200,"url":"https:\/\/www.germstar.si\/wp-content\/uploads\/2021\/06\/IMG_8529.png","type":"image\/png"}],"twitter_card":"summary_large_image","schema":{"@context":"https:\/\/schema.org","@graph":[{"@type":"WebPage","@id":"https:\/\/www.germstar.si\/hr\/trgovina\/za-dom-in-druzino-hr\/razkuzilo-za-roke-germstar-original-355ml\/","url":"https:\/\/www.germstar.si\/hr\/trgovina\/za-dom-in-druzino-hr\/razkuzilo-za-roke-germstar-original-355ml\/","name":"G2 teku\u0107ina za dezinfekciju 355ml - Germstar","isPartOf":{"@id":"https:\/\/www.germstar.si\/#website"},"primaryImageOfPage":{"@id":"https:\/\/www.germstar.si\/hr\/trgovina\/za-dom-in-druzino-hr\/razkuzilo-za-roke-germstar-original-355ml\/#primaryimage"},"image":{"@id":"https:\/\/www.germstar.si\/hr\/trgovina\/za-dom-in-druzino-hr\/razkuzilo-za-roke-germstar-original-355ml\/#primaryimage"},"thumbnailUrl":"https:\/\/www.germstar.si\/wp-content\/uploads\/2021\/06\/IMG_8529.png","datePublished":"2021-06-10T06:45:11+00:00","dateModified":"2021-07-09T05:28:52+00:00","breadcrumb":{"@id":"https:\/\/www.germstar.si\/hr\/trgovina\/za-dom-in-druzino-hr\/razkuzilo-za-roke-germstar-original-355ml\/#breadcrumb"},"inLanguage":"hr","potentialAction":[{"@type":"ReadAction","target":["https:\/\/www.germstar.si\/hr\/trgovina\/za-dom-in-druzino-hr\/razkuzilo-za-roke-germstar-original-355ml\/"]}]},{"@type":"ImageObject","inLanguage":"hr","@id":"https:\/\/www.germstar.si\/hr\/trgovina\/za-dom-in-druzino-hr\/razkuzilo-za-roke-germstar-original-355ml\/#primaryimage","url":"https:\/\/www.germstar.si\/wp-content\/uploads\/2021\/06\/IMG_8529.png","contentUrl":"https:\/\/www.germstar.si\/wp-content\/uploads\/2021\/06\/IMG_8529.png","width":900,"height":1200},{"@type":"BreadcrumbList","@id":"https:\/\/www.germstar.si\/hr\/trgovina\/za-dom-in-druzino-hr\/razkuzilo-za-roke-germstar-original-355ml\/#breadcrumb","itemListElement":[{"@type":"ListItem","position":1,"name":"Home","item":"https:\/\/www.germstar.si\/hr\/"},{"@type":"ListItem","position":2,"name":"Trgovina","item":"https:\/\/www.germstar.si\/hr\/trgovina\/"},{"@type":"ListItem","position":3,"name":"G2 teku\u0107ina za dezinfekciju 355ml"}]},{"@type":"WebSite","@id":"https:\/\/www.germstar.si\/#website","url":"https:\/\/www.germstar.si\/","name":"Germstar","description":"Antibakterijska razku\u017eila in mila za roke","publisher":{"@id":"https:\/\/www.germstar.si\/#organization"},"potentialAction":[{"@type":"SearchAction","target":{"@type":"EntryPoint","urlTemplate":"https:\/\/www.germstar.si\/?s={search_term_string}"},"query-input":{"@type":"PropertyValueSpecification","valueRequired":true,"valueName":"search_term_string"}}],"inLanguage":"hr"},{"@type":"Organization","@id":"https:\/\/www.germstar.si\/#organization","name":"Germstar","url":"https:\/\/www.germstar.si\/","logo":{"@type":"ImageObject","inLanguage":"hr","@id":"https:\/\/www.germstar.si\/#\/schema\/logo\/image\/","url":"https:\/\/www.germstar.si\/wp-content\/uploads\/2021\/03\/logo.png","contentUrl":"https:\/\/www.germstar.si\/wp-content\/uploads\/2021\/03\/logo.png","width":287,"height":75,"caption":"Germstar"},"image":{"@id":"https:\/\/www.germstar.si\/#\/schema\/logo\/image\/"}}]}},"_links":{"self":[{"href":"https:\/\/www.germstar.si\/hr\/wp-json\/wp\/v2\/product\/1436","targetHints":{"allow":["GET"]}}],"collection":[{"href":"https:\/\/www.germstar.si\/hr\/wp-json\/wp\/v2\/product"}],"about":[{"href":"https:\/\/www.germstar.si\/hr\/wp-json\/wp\/v2\/types\/product"}],"wp:featuredmedia":[{"embeddable":true,"href":"https:\/\/www.germstar.si\/hr\/wp-json\/wp\/v2\/media\/1199"}],"wp:attachment":[{"href":"https:\/\/www.germstar.si\/hr\/wp-json\/wp\/v2\/media?parent=1436"}],"wp:term":[{"taxonomy":"product_cat","embeddable":true,"href":"https:\/\/www.germstar.si\/hr\/wp-json\/wp\/v2\/product_cat?post=1436"},{"taxonomy":"product_tag","embeddable":true,"href":"https:\/\/www.germstar.si\/hr\/wp-json\/wp\/v2\/product_tag?post=1436"}],"curies":[{"name":"wp","href":"https:\/\/api.w.org\/{rel}","templated":true}]}}