{"id":1434,"date":"2021-06-10T08:35:01","date_gmt":"2021-06-10T06:35:01","guid":{"rendered":"https:\/\/www.germstar.si\/trgovina\/Bez%20kategorije\/razkuzilo-za-roke-germstar-original-946ml\/"},"modified":"2021-07-09T07:28:22","modified_gmt":"2021-07-09T05:28:22","slug":"razkuzilo-za-roke-germstar-original-946ml","status":"publish","type":"product","link":"https:\/\/www.germstar.si\/hr\/trgovina\/za-podjetja-hr\/razkuzilo-za-roke-germstar-original-946ml\/","title":{"rendered":"G1 teku\u0107ina za dezinfekciju 946ml"},"content":{"rendered":"<p>Ova torba sadr\u017ei 946ml teku\u0107eg dezinficijensa. Jedna vre\u0107ica dezinfektorske teku\u0107ine dovoljna je za 1.500 upotreba. Primjena teku\u0107ine koristi uvijek optimalna sustav Germstar. U\u010dinak dezinfekcije je optimiziran, a doticaj rukama sa dozatorom nije potreban zbog senzora rasp\u0161ivanja teku\u0107ine.<\/p>\n<p>Zna\u010dajke:<br \/>\nzbog inovativan dizajna ne gubi se nepotrebno teku\u0107ina uzalud.<br \/>\nTeku\u0107ina za dezinfekciju u kontaktu uni\u0161tava 99,99 posto svih prenosivih bakterija, virusa i gljivica<br \/>\n&#8211; potro\u0161ena vre\u0107ica je zbog dizajna lako zamjenjiva.<br \/>\n-tvorni\u010dki zatvorene vre\u0107ice pru\u017eaju nekontaminirani sadr\u017eaj.<br \/>\n-Germstar potvrdu o u\u010dinkovitosti.<br \/>\nU 30 sekundi uni\u0161tava 99,87 posto virusa H1N1 poznatije kao svinjska gripa.<br \/>\nRuke su nakon kori\u0161tenja dezifekcijensa \u010diste, meka i ne lijepe se (dezinfektorska fluid je dermatolo\u0161ki testiran).<\/p>\n<p>Za razliku od drugih proizvoda na bazi gela, \u0161to smanjuje u\u010dinkovitost, Germstar teku\u0107ina ne ostavlja nikakve ostatke. 100% je prirodna hidratantna i hranjiva, te aktivni sastojci u teku\u0107ini sprije\u010davaju isu\u0161ivanje ko\u017ee i \u010dine ruke nakon pranja mekana i mirisna.<\/p>\n<p><a title=\"Ve\u010d o razku\u017eilu Germstar\" href=\"https:\/\/www.germstar.hr\/zasto-germstar\/\" target=\"_blank\" rel=\"noopener noreferrer\"><strong>Vi\u0161e o dezinfekciji Germstar teku\u0107ine<\/strong><\/a><\/p>\n","protected":false},"excerpt":{"rendered":"<p>GERMSTAR ORIGINAL HAND SANITIZER 946ml<\/p>\n<p>Ova vre\u0107ica sadr\u017ei 946ml teku\u0107eg dezinficijensa. Jedna vre\u0107ica dezinfektora sadr\u017ei dovoljno teku\u0107ine za oko 1.500 \u010di\u0161\u0107enja ruku. Cijena jedne strane dezinfekcije ko\u0161ta samo 0,01 \u20ac.<br \/>\n-zbog Inovativnog dizajna ne gubi se niti malo teku\u0107ine uzalud.<br \/>\n&#8211; pri upotrebi uni\u0161tava 99,99 posto svih zaraznih bakterija, virusa i gljivica<br \/>\n-potro\u0161ena vre\u0107ica je zbog dizajna lako zamjenjiva.<br \/>\n-tvorni\u010dki zatvorene vre\u0107ice pru\u017eaju nekontaminirani sadr\u017eaj.<br \/>\n-Germstar potvrdu o u\u010dinkovitosti.<br \/>\nU 30 sekundi uni\u0161tava 99,87 posto virusa H1N1 poznatije kao svinjska gripa.<br \/>\nRuke su nakon kori\u0161tenja dezifekcijensa \u010diste, meka i ne lijepe se (dezinfektorska fluid je dermatolo\u0161ki testiran).<\/p>\n<p>Za razliku od drugih proizvoda na bazi gela, \u0161to smanjuje u\u010dinkovitost, Germstar teku\u0107ina ne ostavlja nikakve ostatke. 100% je prirodna hidratantna i hranjiva, te aktivni sastojci u teku\u0107ini sprje\u010davaju isu\u0161ivanje ko\u017ee i \u010dine ruke nakon pranja mekanim i mirisnim.<\/p>\n<p><a title=\"Ve\u010d o razku\u017eilu Germstar\" href=\"https:\/\/www.germstar.hr\/zasto-germstar\/\" target=\"_blank\" rel=\"noopener noreferrer\"><strong>Vi\u0161e o dezinfekciji Germstar teku\u0107ine<\/strong><\/a><\/p>\n","protected":false},"featured_media":1199,"template":"","meta":{"_acf_changed":false},"product_cat":[59],"product_tag":[],"class_list":{"0":"post-1434","1":"product","2":"type-product","3":"status-publish","4":"has-post-thumbnail","6":"product_cat-za-podjetja-hr","8":"first","9":"instock","10":"taxable","11":"shipping-taxable","12":"purchasable","13":"product-type-simple"},"acf":[],"yoast_head":"<!-- This site is optimized with the Yoast SEO plugin v23.9 - https:\/\/yoast.com\/wordpress\/plugins\/seo\/ -->\n<title>G1 teku\u0107ina za dezinfekciju 946ml - Germstar<\/title>\n<meta name=\"robots\" content=\"index, follow, max-snippet:-1, max-image-preview:large, max-video-preview:-1\" \/>\n<link rel=\"canonical\" href=\"https:\/\/www.germstar.si\/hr\/trgovina\/za-podjetja-hr\/razkuzilo-za-roke-germstar-original-946ml\/\" \/>\n<meta property=\"og:locale\" content=\"hr_HR\" \/>\n<meta property=\"og:type\" content=\"article\" \/>\n<meta property=\"og:title\" content=\"G1 teku\u0107ina za dezinfekciju 946ml - Germstar\" \/>\n<meta property=\"og:description\" content=\"GERMSTAR ORIGINAL HAND SANITIZER 946ml  Ova vre\u0107ica sadr\u017ei 946ml teku\u0107eg dezinficijensa. Jedna vre\u0107ica dezinfektora sadr\u017ei dovoljno teku\u0107ine za oko 1.500 \u010di\u0161\u0107enja ruku. Cijena jedne strane dezinfekcije ko\u0161ta samo 0,01 \u20ac. -zbog Inovativnog dizajna ne gubi se niti malo teku\u0107ine uzalud. - pri upotrebi uni\u0161tava 99,99 posto svih zaraznih bakterija, virusa i gljivica -potro\u0161ena vre\u0107ica je zbog dizajna lako zamjenjiva. -tvorni\u010dki zatvorene vre\u0107ice pru\u017eaju nekontaminirani sadr\u017eaj. -Germstar potvrdu o u\u010dinkovitosti. U 30 sekundi uni\u0161tava 99,87 posto virusa H1N1 poznatije kao svinjska gripa. Ruke su nakon kori\u0161tenja dezifekcijensa \u010diste, meka i ne lijepe se (dezinfektorska fluid je dermatolo\u0161ki testiran).  Za razliku od drugih proizvoda na bazi gela, \u0161to smanjuje u\u010dinkovitost, Germstar teku\u0107ina ne ostavlja nikakve ostatke. 100% je prirodna hidratantna i hranjiva, te aktivni sastojci u teku\u0107ini sprje\u010davaju isu\u0161ivanje ko\u017ee i \u010dine ruke nakon pranja mekanim i mirisnim.  Vi\u0161e o dezinfekciji Germstar teku\u0107ine\" \/>\n<meta property=\"og:url\" content=\"https:\/\/www.germstar.si\/hr\/trgovina\/za-podjetja-hr\/razkuzilo-za-roke-germstar-original-946ml\/\" \/>\n<meta property=\"og:site_name\" content=\"Germstar\" \/>\n<meta property=\"article:modified_time\" content=\"2021-07-09T05:28:22+00:00\" \/>\n<meta property=\"og:image\" content=\"https:\/\/www.germstar.si\/wp-content\/uploads\/2021\/06\/IMG_8529.png\" \/>\n\t<meta property=\"og:image:width\" content=\"900\" \/>\n\t<meta property=\"og:image:height\" content=\"1200\" \/>\n\t<meta property=\"og:image:type\" content=\"image\/png\" \/>\n<meta name=\"twitter:card\" content=\"summary_large_image\" \/>\n<meta name=\"twitter:label1\" content=\"Procijenjeno vrijeme \u010ditanja\" \/>\n\t<meta name=\"twitter:data1\" content=\"1 minuta\" \/>\n<script type=\"application\/ld+json\" class=\"yoast-schema-graph\">{\"@context\":\"https:\/\/schema.org\",\"@graph\":[{\"@type\":\"WebPage\",\"@id\":\"https:\/\/www.germstar.si\/hr\/trgovina\/za-podjetja-hr\/razkuzilo-za-roke-germstar-original-946ml\/\",\"url\":\"https:\/\/www.germstar.si\/hr\/trgovina\/za-podjetja-hr\/razkuzilo-za-roke-germstar-original-946ml\/\",\"name\":\"G1 teku\u0107ina za dezinfekciju 946ml - Germstar\",\"isPartOf\":{\"@id\":\"https:\/\/www.germstar.si\/#website\"},\"primaryImageOfPage\":{\"@id\":\"https:\/\/www.germstar.si\/hr\/trgovina\/za-podjetja-hr\/razkuzilo-za-roke-germstar-original-946ml\/#primaryimage\"},\"image\":{\"@id\":\"https:\/\/www.germstar.si\/hr\/trgovina\/za-podjetja-hr\/razkuzilo-za-roke-germstar-original-946ml\/#primaryimage\"},\"thumbnailUrl\":\"https:\/\/www.germstar.si\/wp-content\/uploads\/2021\/06\/IMG_8529.png\",\"datePublished\":\"2021-06-10T06:35:01+00:00\",\"dateModified\":\"2021-07-09T05:28:22+00:00\",\"breadcrumb\":{\"@id\":\"https:\/\/www.germstar.si\/hr\/trgovina\/za-podjetja-hr\/razkuzilo-za-roke-germstar-original-946ml\/#breadcrumb\"},\"inLanguage\":\"hr\",\"potentialAction\":[{\"@type\":\"ReadAction\",\"target\":[\"https:\/\/www.germstar.si\/hr\/trgovina\/za-podjetja-hr\/razkuzilo-za-roke-germstar-original-946ml\/\"]}]},{\"@type\":\"ImageObject\",\"inLanguage\":\"hr\",\"@id\":\"https:\/\/www.germstar.si\/hr\/trgovina\/za-podjetja-hr\/razkuzilo-za-roke-germstar-original-946ml\/#primaryimage\",\"url\":\"https:\/\/www.germstar.si\/wp-content\/uploads\/2021\/06\/IMG_8529.png\",\"contentUrl\":\"https:\/\/www.germstar.si\/wp-content\/uploads\/2021\/06\/IMG_8529.png\",\"width\":900,\"height\":1200},{\"@type\":\"BreadcrumbList\",\"@id\":\"https:\/\/www.germstar.si\/hr\/trgovina\/za-podjetja-hr\/razkuzilo-za-roke-germstar-original-946ml\/#breadcrumb\",\"itemListElement\":[{\"@type\":\"ListItem\",\"position\":1,\"name\":\"Home\",\"item\":\"https:\/\/www.germstar.si\/hr\/\"},{\"@type\":\"ListItem\",\"position\":2,\"name\":\"Trgovina\",\"item\":\"https:\/\/www.germstar.si\/hr\/trgovina\/\"},{\"@type\":\"ListItem\",\"position\":3,\"name\":\"G1 teku\u0107ina za dezinfekciju 946ml\"}]},{\"@type\":\"WebSite\",\"@id\":\"https:\/\/www.germstar.si\/#website\",\"url\":\"https:\/\/www.germstar.si\/\",\"name\":\"Germstar\",\"description\":\"Antibakterijska razku\u017eila in mila za roke\",\"publisher\":{\"@id\":\"https:\/\/www.germstar.si\/#organization\"},\"potentialAction\":[{\"@type\":\"SearchAction\",\"target\":{\"@type\":\"EntryPoint\",\"urlTemplate\":\"https:\/\/www.germstar.si\/?s={search_term_string}\"},\"query-input\":{\"@type\":\"PropertyValueSpecification\",\"valueRequired\":true,\"valueName\":\"search_term_string\"}}],\"inLanguage\":\"hr\"},{\"@type\":\"Organization\",\"@id\":\"https:\/\/www.germstar.si\/#organization\",\"name\":\"Germstar\",\"url\":\"https:\/\/www.germstar.si\/\",\"logo\":{\"@type\":\"ImageObject\",\"inLanguage\":\"hr\",\"@id\":\"https:\/\/www.germstar.si\/#\/schema\/logo\/image\/\",\"url\":\"https:\/\/www.germstar.si\/wp-content\/uploads\/2021\/03\/logo.png\",\"contentUrl\":\"https:\/\/www.germstar.si\/wp-content\/uploads\/2021\/03\/logo.png\",\"width\":287,\"height\":75,\"caption\":\"Germstar\"},\"image\":{\"@id\":\"https:\/\/www.germstar.si\/#\/schema\/logo\/image\/\"}}]}<\/script>\n<!-- \/ Yoast SEO plugin. -->","yoast_head_json":{"title":"G1 teku\u0107ina za dezinfekciju 946ml - Germstar","robots":{"index":"index","follow":"follow","max-snippet":"max-snippet:-1","max-image-preview":"max-image-preview:large","max-video-preview":"max-video-preview:-1"},"canonical":"https:\/\/www.germstar.si\/hr\/trgovina\/za-podjetja-hr\/razkuzilo-za-roke-germstar-original-946ml\/","og_locale":"hr_HR","og_type":"article","og_title":"G1 teku\u0107ina za dezinfekciju 946ml - Germstar","og_description":"GERMSTAR ORIGINAL HAND SANITIZER 946ml  Ova vre\u0107ica sadr\u017ei 946ml teku\u0107eg dezinficijensa. Jedna vre\u0107ica dezinfektora sadr\u017ei dovoljno teku\u0107ine za oko 1.500 \u010di\u0161\u0107enja ruku. Cijena jedne strane dezinfekcije ko\u0161ta samo 0,01 \u20ac. -zbog Inovativnog dizajna ne gubi se niti malo teku\u0107ine uzalud. - pri upotrebi uni\u0161tava 99,99 posto svih zaraznih bakterija, virusa i gljivica -potro\u0161ena vre\u0107ica je zbog dizajna lako zamjenjiva. -tvorni\u010dki zatvorene vre\u0107ice pru\u017eaju nekontaminirani sadr\u017eaj. -Germstar potvrdu o u\u010dinkovitosti. U 30 sekundi uni\u0161tava 99,87 posto virusa H1N1 poznatije kao svinjska gripa. Ruke su nakon kori\u0161tenja dezifekcijensa \u010diste, meka i ne lijepe se (dezinfektorska fluid je dermatolo\u0161ki testiran).  Za razliku od drugih proizvoda na bazi gela, \u0161to smanjuje u\u010dinkovitost, Germstar teku\u0107ina ne ostavlja nikakve ostatke. 100% je prirodna hidratantna i hranjiva, te aktivni sastojci u teku\u0107ini sprje\u010davaju isu\u0161ivanje ko\u017ee i \u010dine ruke nakon pranja mekanim i mirisnim.  Vi\u0161e o dezinfekciji Germstar teku\u0107ine","og_url":"https:\/\/www.germstar.si\/hr\/trgovina\/za-podjetja-hr\/razkuzilo-za-roke-germstar-original-946ml\/","og_site_name":"Germstar","article_modified_time":"2021-07-09T05:28:22+00:00","og_image":[{"width":900,"height":1200,"url":"https:\/\/www.germstar.si\/wp-content\/uploads\/2021\/06\/IMG_8529.png","type":"image\/png"}],"twitter_card":"summary_large_image","twitter_misc":{"Procijenjeno vrijeme \u010ditanja":"1 minuta"},"schema":{"@context":"https:\/\/schema.org","@graph":[{"@type":"WebPage","@id":"https:\/\/www.germstar.si\/hr\/trgovina\/za-podjetja-hr\/razkuzilo-za-roke-germstar-original-946ml\/","url":"https:\/\/www.germstar.si\/hr\/trgovina\/za-podjetja-hr\/razkuzilo-za-roke-germstar-original-946ml\/","name":"G1 teku\u0107ina za dezinfekciju 946ml - Germstar","isPartOf":{"@id":"https:\/\/www.germstar.si\/#website"},"primaryImageOfPage":{"@id":"https:\/\/www.germstar.si\/hr\/trgovina\/za-podjetja-hr\/razkuzilo-za-roke-germstar-original-946ml\/#primaryimage"},"image":{"@id":"https:\/\/www.germstar.si\/hr\/trgovina\/za-podjetja-hr\/razkuzilo-za-roke-germstar-original-946ml\/#primaryimage"},"thumbnailUrl":"https:\/\/www.germstar.si\/wp-content\/uploads\/2021\/06\/IMG_8529.png","datePublished":"2021-06-10T06:35:01+00:00","dateModified":"2021-07-09T05:28:22+00:00","breadcrumb":{"@id":"https:\/\/www.germstar.si\/hr\/trgovina\/za-podjetja-hr\/razkuzilo-za-roke-germstar-original-946ml\/#breadcrumb"},"inLanguage":"hr","potentialAction":[{"@type":"ReadAction","target":["https:\/\/www.germstar.si\/hr\/trgovina\/za-podjetja-hr\/razkuzilo-za-roke-germstar-original-946ml\/"]}]},{"@type":"ImageObject","inLanguage":"hr","@id":"https:\/\/www.germstar.si\/hr\/trgovina\/za-podjetja-hr\/razkuzilo-za-roke-germstar-original-946ml\/#primaryimage","url":"https:\/\/www.germstar.si\/wp-content\/uploads\/2021\/06\/IMG_8529.png","contentUrl":"https:\/\/www.germstar.si\/wp-content\/uploads\/2021\/06\/IMG_8529.png","width":900,"height":1200},{"@type":"BreadcrumbList","@id":"https:\/\/www.germstar.si\/hr\/trgovina\/za-podjetja-hr\/razkuzilo-za-roke-germstar-original-946ml\/#breadcrumb","itemListElement":[{"@type":"ListItem","position":1,"name":"Home","item":"https:\/\/www.germstar.si\/hr\/"},{"@type":"ListItem","position":2,"name":"Trgovina","item":"https:\/\/www.germstar.si\/hr\/trgovina\/"},{"@type":"ListItem","position":3,"name":"G1 teku\u0107ina za dezinfekciju 946ml"}]},{"@type":"WebSite","@id":"https:\/\/www.germstar.si\/#website","url":"https:\/\/www.germstar.si\/","name":"Germstar","description":"Antibakterijska razku\u017eila in mila za roke","publisher":{"@id":"https:\/\/www.germstar.si\/#organization"},"potentialAction":[{"@type":"SearchAction","target":{"@type":"EntryPoint","urlTemplate":"https:\/\/www.germstar.si\/?s={search_term_string}"},"query-input":{"@type":"PropertyValueSpecification","valueRequired":true,"valueName":"search_term_string"}}],"inLanguage":"hr"},{"@type":"Organization","@id":"https:\/\/www.germstar.si\/#organization","name":"Germstar","url":"https:\/\/www.germstar.si\/","logo":{"@type":"ImageObject","inLanguage":"hr","@id":"https:\/\/www.germstar.si\/#\/schema\/logo\/image\/","url":"https:\/\/www.germstar.si\/wp-content\/uploads\/2021\/03\/logo.png","contentUrl":"https:\/\/www.germstar.si\/wp-content\/uploads\/2021\/03\/logo.png","width":287,"height":75,"caption":"Germstar"},"image":{"@id":"https:\/\/www.germstar.si\/#\/schema\/logo\/image\/"}}]}},"_links":{"self":[{"href":"https:\/\/www.germstar.si\/hr\/wp-json\/wp\/v2\/product\/1434","targetHints":{"allow":["GET"]}}],"collection":[{"href":"https:\/\/www.germstar.si\/hr\/wp-json\/wp\/v2\/product"}],"about":[{"href":"https:\/\/www.germstar.si\/hr\/wp-json\/wp\/v2\/types\/product"}],"wp:featuredmedia":[{"embeddable":true,"href":"https:\/\/www.germstar.si\/hr\/wp-json\/wp\/v2\/media\/1199"}],"wp:attachment":[{"href":"https:\/\/www.germstar.si\/hr\/wp-json\/wp\/v2\/media?parent=1434"}],"wp:term":[{"taxonomy":"product_cat","embeddable":true,"href":"https:\/\/www.germstar.si\/hr\/wp-json\/wp\/v2\/product_cat?post=1434"},{"taxonomy":"product_tag","embeddable":true,"href":"https:\/\/www.germstar.si\/hr\/wp-json\/wp\/v2\/product_tag?post=1434"}],"curies":[{"name":"wp","href":"https:\/\/api.w.org\/{rel}","templated":true}]}}