{"id":1432,"date":"2021-06-10T08:13:31","date_gmt":"2021-06-10T06:13:31","guid":{"rendered":"https:\/\/www.germstar.si\/trgovina\/Bez%20kategorije\/g1-namizno-stojalo\/"},"modified":"2021-06-15T12:43:00","modified_gmt":"2021-06-15T10:43:00","slug":"g1-stolni-stalak","status":"publish","type":"product","link":"https:\/\/www.germstar.si\/hr\/trgovina\/dodatki-hr\/g1-stolni-stalak\/","title":{"rendered":"G1 Stolni stalak"},"content":{"rendered":"<p>Stolni stalak pogodan za kori\u0161tenje u uredu ili kod ku\u0107e. Robustan dizajn i kori\u0161tenje visoko-kvalitetne plastike, omogu\u0107uje industrijsku upotrebu, u mjestima kao \u0161to su radionice ili u blagovaonici. Odlikuje ga prakti\u010dni dizajn, te se mo\u017ee koristiti i kao zidni nosa\u010d za spremnik.<br \/>\nStolni stalak mo\u017ee se slobodno kombinirati sa svim opcijama boja Germstar linije G1 dozatora.<br \/>\nDozator nisu uklju\u010deni.<\/p>\n<p><a title=\"Navodila za monta\u017eo\" href=\"https:\/\/www.germstar.hr\/navodila-za-uporabo-namizno-stojalo\/\"><span style=\"text-decoration: underline;\">Upute i mjere za upotrebu<\/span><\/a><\/p>\n","protected":false},"excerpt":{"rendered":"<p>ROK ISPORUKE 7-14 DANA ZA VE\u010cI BROJ MOLIMO DA NAS KONTAKTIRATE NA MAIL joze@germstar.si<\/p>\n<p>Stolni stalak je pogodan za kori\u0161tenje u uredu ili kod ku\u0107e. Oblik postolja tako\u0111er omogu\u0107uje monta\u017eu na zid.<br \/>\nRobustan dizajn i kori\u0161tenje visoko-kvalitetne plastike, omogu\u0107uje industrijsku upotrebu, u mjestima kao \u0161to su radionice ili u blagovaonici. Postolje se koristi u uredima, radionicama i javnim ustanovama poput domova zdravlja, vrti\u0107a i \u0161kole.<br \/>\nDozator nisu uklju\u010deni.<\/p>\n<p><span style=\"text-decoration: underline;\"><a title=\"Navodila za monta\u017eo\" href=\"https:\/\/www.germstar.hr\/navodila-za-uporabo-namizno-stojalo\/\">Upute i mjere za upotrebu<\/a><\/span><\/p>\n","protected":false},"featured_media":1189,"template":"","meta":{"_acf_changed":false},"product_cat":[57,59],"product_tag":[],"class_list":{"0":"post-1432","1":"product","2":"type-product","3":"status-publish","4":"has-post-thumbnail","6":"product_cat-dodatki-hr","7":"product_cat-za-podjetja-hr","9":"first","10":"instock","11":"taxable","12":"shipping-taxable","13":"purchasable","14":"product-type-simple"},"acf":[],"yoast_head":"<!-- This site is optimized with the Yoast SEO plugin v23.9 - https:\/\/yoast.com\/wordpress\/plugins\/seo\/ -->\n<title>G1 Stolni stalak - Germstar<\/title>\n<meta name=\"robots\" content=\"index, follow, max-snippet:-1, max-image-preview:large, max-video-preview:-1\" \/>\n<link rel=\"canonical\" href=\"https:\/\/www.germstar.si\/hr\/trgovina\/dodatki-hr\/g1-stolni-stalak\/\" \/>\n<meta property=\"og:locale\" content=\"hr_HR\" \/>\n<meta property=\"og:type\" content=\"article\" \/>\n<meta property=\"og:title\" content=\"G1 Stolni stalak - Germstar\" \/>\n<meta property=\"og:description\" content=\"ROK ISPORUKE 7-14 DANA ZA VE\u010cI BROJ MOLIMO DA NAS KONTAKTIRATE NA MAIL joze@germstar.si  Stolni stalak je pogodan za kori\u0161tenje u uredu ili kod ku\u0107e. Oblik postolja tako\u0111er omogu\u0107uje monta\u017eu na zid. Robustan dizajn i kori\u0161tenje visoko-kvalitetne plastike, omogu\u0107uje industrijsku upotrebu, u mjestima kao \u0161to su radionice ili u blagovaonici. Postolje se koristi u uredima, radionicama i javnim ustanovama poput domova zdravlja, vrti\u0107a i \u0161kole. Dozator nisu uklju\u010deni.  Upute i mjere za upotrebu\" \/>\n<meta property=\"og:url\" content=\"https:\/\/www.germstar.si\/hr\/trgovina\/dodatki-hr\/g1-stolni-stalak\/\" \/>\n<meta property=\"og:site_name\" content=\"Germstar\" \/>\n<meta property=\"article:modified_time\" content=\"2021-06-15T10:43:00+00:00\" \/>\n<meta property=\"og:image\" content=\"https:\/\/www.germstar.si\/wp-content\/uploads\/2021\/06\/IMG_8647.png\" \/>\n\t<meta property=\"og:image:width\" content=\"900\" \/>\n\t<meta property=\"og:image:height\" content=\"1200\" \/>\n\t<meta property=\"og:image:type\" content=\"image\/png\" \/>\n<meta name=\"twitter:card\" content=\"summary_large_image\" \/>\n<script type=\"application\/ld+json\" class=\"yoast-schema-graph\">{\"@context\":\"https:\/\/schema.org\",\"@graph\":[{\"@type\":\"WebPage\",\"@id\":\"https:\/\/www.germstar.si\/hr\/trgovina\/dodatki-hr\/g1-stolni-stalak\/\",\"url\":\"https:\/\/www.germstar.si\/hr\/trgovina\/dodatki-hr\/g1-stolni-stalak\/\",\"name\":\"G1 Stolni stalak - Germstar\",\"isPartOf\":{\"@id\":\"https:\/\/www.germstar.si\/#website\"},\"primaryImageOfPage\":{\"@id\":\"https:\/\/www.germstar.si\/hr\/trgovina\/dodatki-hr\/g1-stolni-stalak\/#primaryimage\"},\"image\":{\"@id\":\"https:\/\/www.germstar.si\/hr\/trgovina\/dodatki-hr\/g1-stolni-stalak\/#primaryimage\"},\"thumbnailUrl\":\"https:\/\/www.germstar.si\/wp-content\/uploads\/2021\/06\/IMG_8647.png\",\"datePublished\":\"2021-06-10T06:13:31+00:00\",\"dateModified\":\"2021-06-15T10:43:00+00:00\",\"breadcrumb\":{\"@id\":\"https:\/\/www.germstar.si\/hr\/trgovina\/dodatki-hr\/g1-stolni-stalak\/#breadcrumb\"},\"inLanguage\":\"hr\",\"potentialAction\":[{\"@type\":\"ReadAction\",\"target\":[\"https:\/\/www.germstar.si\/hr\/trgovina\/dodatki-hr\/g1-stolni-stalak\/\"]}]},{\"@type\":\"ImageObject\",\"inLanguage\":\"hr\",\"@id\":\"https:\/\/www.germstar.si\/hr\/trgovina\/dodatki-hr\/g1-stolni-stalak\/#primaryimage\",\"url\":\"https:\/\/www.germstar.si\/wp-content\/uploads\/2021\/06\/IMG_8647.png\",\"contentUrl\":\"https:\/\/www.germstar.si\/wp-content\/uploads\/2021\/06\/IMG_8647.png\",\"width\":900,\"height\":1200},{\"@type\":\"BreadcrumbList\",\"@id\":\"https:\/\/www.germstar.si\/hr\/trgovina\/dodatki-hr\/g1-stolni-stalak\/#breadcrumb\",\"itemListElement\":[{\"@type\":\"ListItem\",\"position\":1,\"name\":\"Home\",\"item\":\"https:\/\/www.germstar.si\/hr\/\"},{\"@type\":\"ListItem\",\"position\":2,\"name\":\"Trgovina\",\"item\":\"https:\/\/www.germstar.si\/hr\/trgovina\/\"},{\"@type\":\"ListItem\",\"position\":3,\"name\":\"G1 Stolni stalak\"}]},{\"@type\":\"WebSite\",\"@id\":\"https:\/\/www.germstar.si\/#website\",\"url\":\"https:\/\/www.germstar.si\/\",\"name\":\"Germstar\",\"description\":\"Antibakterijska razku\u017eila in mila za roke\",\"publisher\":{\"@id\":\"https:\/\/www.germstar.si\/#organization\"},\"potentialAction\":[{\"@type\":\"SearchAction\",\"target\":{\"@type\":\"EntryPoint\",\"urlTemplate\":\"https:\/\/www.germstar.si\/?s={search_term_string}\"},\"query-input\":{\"@type\":\"PropertyValueSpecification\",\"valueRequired\":true,\"valueName\":\"search_term_string\"}}],\"inLanguage\":\"hr\"},{\"@type\":\"Organization\",\"@id\":\"https:\/\/www.germstar.si\/#organization\",\"name\":\"Germstar\",\"url\":\"https:\/\/www.germstar.si\/\",\"logo\":{\"@type\":\"ImageObject\",\"inLanguage\":\"hr\",\"@id\":\"https:\/\/www.germstar.si\/#\/schema\/logo\/image\/\",\"url\":\"https:\/\/www.germstar.si\/wp-content\/uploads\/2021\/03\/logo.png\",\"contentUrl\":\"https:\/\/www.germstar.si\/wp-content\/uploads\/2021\/03\/logo.png\",\"width\":287,\"height\":75,\"caption\":\"Germstar\"},\"image\":{\"@id\":\"https:\/\/www.germstar.si\/#\/schema\/logo\/image\/\"}}]}<\/script>\n<!-- \/ Yoast SEO plugin. -->","yoast_head_json":{"title":"G1 Stolni stalak - Germstar","robots":{"index":"index","follow":"follow","max-snippet":"max-snippet:-1","max-image-preview":"max-image-preview:large","max-video-preview":"max-video-preview:-1"},"canonical":"https:\/\/www.germstar.si\/hr\/trgovina\/dodatki-hr\/g1-stolni-stalak\/","og_locale":"hr_HR","og_type":"article","og_title":"G1 Stolni stalak - Germstar","og_description":"ROK ISPORUKE 7-14 DANA ZA VE\u010cI BROJ MOLIMO DA NAS KONTAKTIRATE NA MAIL joze@germstar.si  Stolni stalak je pogodan za kori\u0161tenje u uredu ili kod ku\u0107e. Oblik postolja tako\u0111er omogu\u0107uje monta\u017eu na zid. Robustan dizajn i kori\u0161tenje visoko-kvalitetne plastike, omogu\u0107uje industrijsku upotrebu, u mjestima kao \u0161to su radionice ili u blagovaonici. Postolje se koristi u uredima, radionicama i javnim ustanovama poput domova zdravlja, vrti\u0107a i \u0161kole. Dozator nisu uklju\u010deni.  Upute i mjere za upotrebu","og_url":"https:\/\/www.germstar.si\/hr\/trgovina\/dodatki-hr\/g1-stolni-stalak\/","og_site_name":"Germstar","article_modified_time":"2021-06-15T10:43:00+00:00","og_image":[{"width":900,"height":1200,"url":"https:\/\/www.germstar.si\/wp-content\/uploads\/2021\/06\/IMG_8647.png","type":"image\/png"}],"twitter_card":"summary_large_image","schema":{"@context":"https:\/\/schema.org","@graph":[{"@type":"WebPage","@id":"https:\/\/www.germstar.si\/hr\/trgovina\/dodatki-hr\/g1-stolni-stalak\/","url":"https:\/\/www.germstar.si\/hr\/trgovina\/dodatki-hr\/g1-stolni-stalak\/","name":"G1 Stolni stalak - Germstar","isPartOf":{"@id":"https:\/\/www.germstar.si\/#website"},"primaryImageOfPage":{"@id":"https:\/\/www.germstar.si\/hr\/trgovina\/dodatki-hr\/g1-stolni-stalak\/#primaryimage"},"image":{"@id":"https:\/\/www.germstar.si\/hr\/trgovina\/dodatki-hr\/g1-stolni-stalak\/#primaryimage"},"thumbnailUrl":"https:\/\/www.germstar.si\/wp-content\/uploads\/2021\/06\/IMG_8647.png","datePublished":"2021-06-10T06:13:31+00:00","dateModified":"2021-06-15T10:43:00+00:00","breadcrumb":{"@id":"https:\/\/www.germstar.si\/hr\/trgovina\/dodatki-hr\/g1-stolni-stalak\/#breadcrumb"},"inLanguage":"hr","potentialAction":[{"@type":"ReadAction","target":["https:\/\/www.germstar.si\/hr\/trgovina\/dodatki-hr\/g1-stolni-stalak\/"]}]},{"@type":"ImageObject","inLanguage":"hr","@id":"https:\/\/www.germstar.si\/hr\/trgovina\/dodatki-hr\/g1-stolni-stalak\/#primaryimage","url":"https:\/\/www.germstar.si\/wp-content\/uploads\/2021\/06\/IMG_8647.png","contentUrl":"https:\/\/www.germstar.si\/wp-content\/uploads\/2021\/06\/IMG_8647.png","width":900,"height":1200},{"@type":"BreadcrumbList","@id":"https:\/\/www.germstar.si\/hr\/trgovina\/dodatki-hr\/g1-stolni-stalak\/#breadcrumb","itemListElement":[{"@type":"ListItem","position":1,"name":"Home","item":"https:\/\/www.germstar.si\/hr\/"},{"@type":"ListItem","position":2,"name":"Trgovina","item":"https:\/\/www.germstar.si\/hr\/trgovina\/"},{"@type":"ListItem","position":3,"name":"G1 Stolni stalak"}]},{"@type":"WebSite","@id":"https:\/\/www.germstar.si\/#website","url":"https:\/\/www.germstar.si\/","name":"Germstar","description":"Antibakterijska razku\u017eila in mila za roke","publisher":{"@id":"https:\/\/www.germstar.si\/#organization"},"potentialAction":[{"@type":"SearchAction","target":{"@type":"EntryPoint","urlTemplate":"https:\/\/www.germstar.si\/?s={search_term_string}"},"query-input":{"@type":"PropertyValueSpecification","valueRequired":true,"valueName":"search_term_string"}}],"inLanguage":"hr"},{"@type":"Organization","@id":"https:\/\/www.germstar.si\/#organization","name":"Germstar","url":"https:\/\/www.germstar.si\/","logo":{"@type":"ImageObject","inLanguage":"hr","@id":"https:\/\/www.germstar.si\/#\/schema\/logo\/image\/","url":"https:\/\/www.germstar.si\/wp-content\/uploads\/2021\/03\/logo.png","contentUrl":"https:\/\/www.germstar.si\/wp-content\/uploads\/2021\/03\/logo.png","width":287,"height":75,"caption":"Germstar"},"image":{"@id":"https:\/\/www.germstar.si\/#\/schema\/logo\/image\/"}}]}},"_links":{"self":[{"href":"https:\/\/www.germstar.si\/hr\/wp-json\/wp\/v2\/product\/1432","targetHints":{"allow":["GET"]}}],"collection":[{"href":"https:\/\/www.germstar.si\/hr\/wp-json\/wp\/v2\/product"}],"about":[{"href":"https:\/\/www.germstar.si\/hr\/wp-json\/wp\/v2\/types\/product"}],"wp:featuredmedia":[{"embeddable":true,"href":"https:\/\/www.germstar.si\/hr\/wp-json\/wp\/v2\/media\/1189"}],"wp:attachment":[{"href":"https:\/\/www.germstar.si\/hr\/wp-json\/wp\/v2\/media?parent=1432"}],"wp:term":[{"taxonomy":"product_cat","embeddable":true,"href":"https:\/\/www.germstar.si\/hr\/wp-json\/wp\/v2\/product_cat?post=1432"},{"taxonomy":"product_tag","embeddable":true,"href":"https:\/\/www.germstar.si\/hr\/wp-json\/wp\/v2\/product_tag?post=1432"}],"curies":[{"name":"wp","href":"https:\/\/api.w.org\/{rel}","templated":true}]}}