{"id":1431,"date":"2021-06-10T08:02:37","date_gmt":"2021-06-10T06:02:37","guid":{"rendered":"https:\/\/www.germstar.si\/trgovina\/Bez%20kategorije\/g1-talno-stojalo-germstar\/"},"modified":"2021-06-11T14:30:54","modified_gmt":"2021-06-11T12:30:54","slug":"g1-talno-stojalo-germstar","status":"publish","type":"product","link":"https:\/\/www.germstar.si\/hr\/trgovina\/dodatki-hr\/g1-talno-stojalo-germstar\/","title":{"rendered":"G1 Podni stalak"},"content":{"rendered":"<p>Podni stalak je idealan za kori\u0161tenje u podru\u010djima gdje to nije opcija monta\u017ee na zidu dozatora.<br \/>\nBudu\u0107i dozator radi samostalno i na baterije ne zahtijeva nikakvu povezanost sa uti\u010dnicama.<br \/>\nPodni stalak mo\u017ee biti opremljen za reklamnim zaslonom za upotrebu u salonima, \u010dekaonicama i hodnicima.<\/p>\n<p>Zajedno s podnim postoljem, tako\u0111er se dobiva reklamni zaslon.<\/p>\n","protected":false},"excerpt":{"rendered":"<p>Podni stalak je idealan za kori\u0161tenje u podru\u010djima gdje nije opcija monta\u017ee na zidu dozatora. Idealan je za postavljanje na ulaze.<br \/>\nPodni stalak mo\u017ee biti opremljen za reklamnim zaslonom za ogla\u0161avanje u salonima, \u010dekaonicama i hodnicima.<\/p>\n","protected":false},"featured_media":1182,"template":"","meta":{"_acf_changed":false},"product_cat":[57,59],"product_tag":[],"class_list":{"0":"post-1431","1":"product","2":"type-product","3":"status-publish","4":"has-post-thumbnail","6":"product_cat-dodatki-hr","7":"product_cat-za-podjetja-hr","9":"first","10":"instock","11":"taxable","12":"shipping-taxable","13":"purchasable","14":"product-type-simple"},"acf":[],"yoast_head":"<!-- This site is optimized with the Yoast SEO plugin v23.9 - https:\/\/yoast.com\/wordpress\/plugins\/seo\/ -->\n<title>G1 Podni stalak - Germstar<\/title>\n<meta name=\"robots\" content=\"index, follow, max-snippet:-1, max-image-preview:large, max-video-preview:-1\" \/>\n<link rel=\"canonical\" href=\"https:\/\/www.germstar.si\/hr\/trgovina\/dodatki-hr\/g1-talno-stojalo-germstar\/\" \/>\n<meta property=\"og:locale\" content=\"hr_HR\" \/>\n<meta property=\"og:type\" content=\"article\" \/>\n<meta property=\"og:title\" content=\"G1 Podni stalak - Germstar\" \/>\n<meta property=\"og:description\" content=\"Podni stalak je idealan za kori\u0161tenje u podru\u010djima gdje nije opcija monta\u017ee na zidu dozatora. Idealan je za postavljanje na ulaze. Podni stalak mo\u017ee biti opremljen za reklamnim zaslonom za ogla\u0161avanje u salonima, \u010dekaonicama i hodnicima.\" \/>\n<meta property=\"og:url\" content=\"https:\/\/www.germstar.si\/hr\/trgovina\/dodatki-hr\/g1-talno-stojalo-germstar\/\" \/>\n<meta property=\"og:site_name\" content=\"Germstar\" \/>\n<meta property=\"article:modified_time\" content=\"2021-06-11T12:30:54+00:00\" \/>\n<meta property=\"og:image\" content=\"https:\/\/www.germstar.si\/wp-content\/uploads\/2021\/06\/32oz-Floorstand-White.jpg\" \/>\n\t<meta property=\"og:image:width\" content=\"1500\" \/>\n\t<meta property=\"og:image:height\" content=\"2000\" \/>\n\t<meta property=\"og:image:type\" content=\"image\/jpeg\" \/>\n<meta name=\"twitter:card\" content=\"summary_large_image\" \/>\n<script type=\"application\/ld+json\" class=\"yoast-schema-graph\">{\"@context\":\"https:\/\/schema.org\",\"@graph\":[{\"@type\":\"WebPage\",\"@id\":\"https:\/\/www.germstar.si\/hr\/trgovina\/dodatki-hr\/g1-talno-stojalo-germstar\/\",\"url\":\"https:\/\/www.germstar.si\/hr\/trgovina\/dodatki-hr\/g1-talno-stojalo-germstar\/\",\"name\":\"G1 Podni stalak - Germstar\",\"isPartOf\":{\"@id\":\"https:\/\/www.germstar.si\/#website\"},\"primaryImageOfPage\":{\"@id\":\"https:\/\/www.germstar.si\/hr\/trgovina\/dodatki-hr\/g1-talno-stojalo-germstar\/#primaryimage\"},\"image\":{\"@id\":\"https:\/\/www.germstar.si\/hr\/trgovina\/dodatki-hr\/g1-talno-stojalo-germstar\/#primaryimage\"},\"thumbnailUrl\":\"https:\/\/www.germstar.si\/wp-content\/uploads\/2021\/06\/32oz-Floorstand-White.jpg\",\"datePublished\":\"2021-06-10T06:02:37+00:00\",\"dateModified\":\"2021-06-11T12:30:54+00:00\",\"breadcrumb\":{\"@id\":\"https:\/\/www.germstar.si\/hr\/trgovina\/dodatki-hr\/g1-talno-stojalo-germstar\/#breadcrumb\"},\"inLanguage\":\"hr\",\"potentialAction\":[{\"@type\":\"ReadAction\",\"target\":[\"https:\/\/www.germstar.si\/hr\/trgovina\/dodatki-hr\/g1-talno-stojalo-germstar\/\"]}]},{\"@type\":\"ImageObject\",\"inLanguage\":\"hr\",\"@id\":\"https:\/\/www.germstar.si\/hr\/trgovina\/dodatki-hr\/g1-talno-stojalo-germstar\/#primaryimage\",\"url\":\"https:\/\/www.germstar.si\/wp-content\/uploads\/2021\/06\/32oz-Floorstand-White.jpg\",\"contentUrl\":\"https:\/\/www.germstar.si\/wp-content\/uploads\/2021\/06\/32oz-Floorstand-White.jpg\",\"width\":1500,\"height\":2000},{\"@type\":\"BreadcrumbList\",\"@id\":\"https:\/\/www.germstar.si\/hr\/trgovina\/dodatki-hr\/g1-talno-stojalo-germstar\/#breadcrumb\",\"itemListElement\":[{\"@type\":\"ListItem\",\"position\":1,\"name\":\"Home\",\"item\":\"https:\/\/www.germstar.si\/hr\/\"},{\"@type\":\"ListItem\",\"position\":2,\"name\":\"Trgovina\",\"item\":\"https:\/\/www.germstar.si\/hr\/trgovina\/\"},{\"@type\":\"ListItem\",\"position\":3,\"name\":\"G1 Podni stalak\"}]},{\"@type\":\"WebSite\",\"@id\":\"https:\/\/www.germstar.si\/#website\",\"url\":\"https:\/\/www.germstar.si\/\",\"name\":\"Germstar\",\"description\":\"Antibakterijska razku\u017eila in mila za roke\",\"publisher\":{\"@id\":\"https:\/\/www.germstar.si\/#organization\"},\"potentialAction\":[{\"@type\":\"SearchAction\",\"target\":{\"@type\":\"EntryPoint\",\"urlTemplate\":\"https:\/\/www.germstar.si\/?s={search_term_string}\"},\"query-input\":{\"@type\":\"PropertyValueSpecification\",\"valueRequired\":true,\"valueName\":\"search_term_string\"}}],\"inLanguage\":\"hr\"},{\"@type\":\"Organization\",\"@id\":\"https:\/\/www.germstar.si\/#organization\",\"name\":\"Germstar\",\"url\":\"https:\/\/www.germstar.si\/\",\"logo\":{\"@type\":\"ImageObject\",\"inLanguage\":\"hr\",\"@id\":\"https:\/\/www.germstar.si\/#\/schema\/logo\/image\/\",\"url\":\"https:\/\/www.germstar.si\/wp-content\/uploads\/2021\/03\/logo.png\",\"contentUrl\":\"https:\/\/www.germstar.si\/wp-content\/uploads\/2021\/03\/logo.png\",\"width\":287,\"height\":75,\"caption\":\"Germstar\"},\"image\":{\"@id\":\"https:\/\/www.germstar.si\/#\/schema\/logo\/image\/\"}}]}<\/script>\n<!-- \/ Yoast SEO plugin. -->","yoast_head_json":{"title":"G1 Podni stalak - Germstar","robots":{"index":"index","follow":"follow","max-snippet":"max-snippet:-1","max-image-preview":"max-image-preview:large","max-video-preview":"max-video-preview:-1"},"canonical":"https:\/\/www.germstar.si\/hr\/trgovina\/dodatki-hr\/g1-talno-stojalo-germstar\/","og_locale":"hr_HR","og_type":"article","og_title":"G1 Podni stalak - Germstar","og_description":"Podni stalak je idealan za kori\u0161tenje u podru\u010djima gdje nije opcija monta\u017ee na zidu dozatora. Idealan je za postavljanje na ulaze. Podni stalak mo\u017ee biti opremljen za reklamnim zaslonom za ogla\u0161avanje u salonima, \u010dekaonicama i hodnicima.","og_url":"https:\/\/www.germstar.si\/hr\/trgovina\/dodatki-hr\/g1-talno-stojalo-germstar\/","og_site_name":"Germstar","article_modified_time":"2021-06-11T12:30:54+00:00","og_image":[{"width":1500,"height":2000,"url":"https:\/\/www.germstar.si\/wp-content\/uploads\/2021\/06\/32oz-Floorstand-White.jpg","type":"image\/jpeg"}],"twitter_card":"summary_large_image","schema":{"@context":"https:\/\/schema.org","@graph":[{"@type":"WebPage","@id":"https:\/\/www.germstar.si\/hr\/trgovina\/dodatki-hr\/g1-talno-stojalo-germstar\/","url":"https:\/\/www.germstar.si\/hr\/trgovina\/dodatki-hr\/g1-talno-stojalo-germstar\/","name":"G1 Podni stalak - Germstar","isPartOf":{"@id":"https:\/\/www.germstar.si\/#website"},"primaryImageOfPage":{"@id":"https:\/\/www.germstar.si\/hr\/trgovina\/dodatki-hr\/g1-talno-stojalo-germstar\/#primaryimage"},"image":{"@id":"https:\/\/www.germstar.si\/hr\/trgovina\/dodatki-hr\/g1-talno-stojalo-germstar\/#primaryimage"},"thumbnailUrl":"https:\/\/www.germstar.si\/wp-content\/uploads\/2021\/06\/32oz-Floorstand-White.jpg","datePublished":"2021-06-10T06:02:37+00:00","dateModified":"2021-06-11T12:30:54+00:00","breadcrumb":{"@id":"https:\/\/www.germstar.si\/hr\/trgovina\/dodatki-hr\/g1-talno-stojalo-germstar\/#breadcrumb"},"inLanguage":"hr","potentialAction":[{"@type":"ReadAction","target":["https:\/\/www.germstar.si\/hr\/trgovina\/dodatki-hr\/g1-talno-stojalo-germstar\/"]}]},{"@type":"ImageObject","inLanguage":"hr","@id":"https:\/\/www.germstar.si\/hr\/trgovina\/dodatki-hr\/g1-talno-stojalo-germstar\/#primaryimage","url":"https:\/\/www.germstar.si\/wp-content\/uploads\/2021\/06\/32oz-Floorstand-White.jpg","contentUrl":"https:\/\/www.germstar.si\/wp-content\/uploads\/2021\/06\/32oz-Floorstand-White.jpg","width":1500,"height":2000},{"@type":"BreadcrumbList","@id":"https:\/\/www.germstar.si\/hr\/trgovina\/dodatki-hr\/g1-talno-stojalo-germstar\/#breadcrumb","itemListElement":[{"@type":"ListItem","position":1,"name":"Home","item":"https:\/\/www.germstar.si\/hr\/"},{"@type":"ListItem","position":2,"name":"Trgovina","item":"https:\/\/www.germstar.si\/hr\/trgovina\/"},{"@type":"ListItem","position":3,"name":"G1 Podni stalak"}]},{"@type":"WebSite","@id":"https:\/\/www.germstar.si\/#website","url":"https:\/\/www.germstar.si\/","name":"Germstar","description":"Antibakterijska razku\u017eila in mila za roke","publisher":{"@id":"https:\/\/www.germstar.si\/#organization"},"potentialAction":[{"@type":"SearchAction","target":{"@type":"EntryPoint","urlTemplate":"https:\/\/www.germstar.si\/?s={search_term_string}"},"query-input":{"@type":"PropertyValueSpecification","valueRequired":true,"valueName":"search_term_string"}}],"inLanguage":"hr"},{"@type":"Organization","@id":"https:\/\/www.germstar.si\/#organization","name":"Germstar","url":"https:\/\/www.germstar.si\/","logo":{"@type":"ImageObject","inLanguage":"hr","@id":"https:\/\/www.germstar.si\/#\/schema\/logo\/image\/","url":"https:\/\/www.germstar.si\/wp-content\/uploads\/2021\/03\/logo.png","contentUrl":"https:\/\/www.germstar.si\/wp-content\/uploads\/2021\/03\/logo.png","width":287,"height":75,"caption":"Germstar"},"image":{"@id":"https:\/\/www.germstar.si\/#\/schema\/logo\/image\/"}}]}},"_links":{"self":[{"href":"https:\/\/www.germstar.si\/hr\/wp-json\/wp\/v2\/product\/1431","targetHints":{"allow":["GET"]}}],"collection":[{"href":"https:\/\/www.germstar.si\/hr\/wp-json\/wp\/v2\/product"}],"about":[{"href":"https:\/\/www.germstar.si\/hr\/wp-json\/wp\/v2\/types\/product"}],"wp:featuredmedia":[{"embeddable":true,"href":"https:\/\/www.germstar.si\/hr\/wp-json\/wp\/v2\/media\/1182"}],"wp:attachment":[{"href":"https:\/\/www.germstar.si\/hr\/wp-json\/wp\/v2\/media?parent=1431"}],"wp:term":[{"taxonomy":"product_cat","embeddable":true,"href":"https:\/\/www.germstar.si\/hr\/wp-json\/wp\/v2\/product_cat?post=1431"},{"taxonomy":"product_tag","embeddable":true,"href":"https:\/\/www.germstar.si\/hr\/wp-json\/wp\/v2\/product_tag?post=1431"}],"curies":[{"name":"wp","href":"https:\/\/api.w.org\/{rel}","templated":true}]}}