{"id":1357,"date":"2021-06-10T07:45:16","date_gmt":"2021-06-10T05:45:16","guid":{"rendered":"https:\/\/www.germstar.si\/trgovina\/Bez%20kategorije\/g2-senzorski-dozator-355ml\/"},"modified":"2021-07-06T11:43:15","modified_gmt":"2021-07-06T09:43:15","slug":"g2-senzorski-dozator-355ml","status":"publish","type":"product","link":"https:\/\/www.germstar.si\/hr\/trgovina\/za-dom-in-druzino-hr\/g2-senzorski-dozator-355ml\/","title":{"rendered":"G2 Senzorski dozator 355ml"},"content":{"rendered":"<p>Germstar G2 senzorski dozator odlikuje prijetna oblika in in \u0161iroka paleta barv. Primeren je za uporabo v vrtcih, \u0161olah, pisarnah, povsod kjer je pomembno da otroci in odrasli uporabljajo mila in razku\u017eila zaradi prepre\u010devanja in \u0161irjenja oku\u017eb ali epidemij. Oblika dozatorja spodbuja umivanje rok.<br \/>\nEno polnjenje vsebuje 355ml teko\u010dine, ki zadostuje za pribli\u017eno 500 umivanj ali razku\u017eevanj.<\/p>\n<p><a title=\"Zakaj Germstar\" href=\"https:\/\/www.germstar.hr\/zasto-germstar\/\"><strong>Zakaj Germstar &#8211; video?<\/strong><\/a><\/p>\n","protected":false},"excerpt":{"rendered":"<p>G2 SENZORSKI DOZATORI TRENUTA\u0106NO NISU NA STANJU. ROK ISPORUKE JE 60 DANA.<\/p>\n<p>Germstar G2 senzorski dozator odlikuje prijetna oblika in in \u0161iroka paleta baru. Primeren je za uporabo v vrtcih, \u0161olah, pisarnah, povsod kjer je pomembno da otroci in odrasli uporabljajo mila in razku\u017eila zaradi prepre\u010devanja in \u0161irjenja oku\u017eb ali epidemij. Oblika dozatorja spodbuja umivanje rok.<br \/>\nEno polnjenje vsebuje 355ml teko\u010dine, ki zadostuje za priblji\u017eno 500 umivanj ali razku\u017eevanj.<br \/>\nSenzorski dozator Germstar ima infrarde\u010d detektor gibanja, ki spro\u017ei brizg mila ali razku\u017eila. Koli\u010dina mila ali razku\u017eila je enostavno nastavljiva. Nanos je vedno optimalen, brez odpadka.<br \/>\nK vsakemu dozatorju so prilo\u017eena navodila in komplet vijakov za stensko monta\u017eo.<\/p>\n<p><a title=\"Reference\" href=\"https:\/\/www.germstar.si\/reference\/\">Reference<\/a>\u00a0\u00a0\u00a0 <a title=\"Galerija\" href=\"https:\/\/www.germstar.si\/galerija\/\">Galerija<\/a><\/p>\n<p><strong><a title=\"Navodila za uporabo in mere za dozator\" href=\"https:\/\/www.germstar.si\/navodila-za-uporabo-g1\/\">Kako deluje dozator in mere dozatorja<\/a><\/strong><\/p>\n","protected":false},"featured_media":1077,"template":"","meta":{"_acf_changed":false},"product_cat":[65],"product_tag":[],"class_list":{"0":"post-1357","1":"product","2":"type-product","3":"status-publish","4":"has-post-thumbnail","6":"product_cat-za-dom-in-druzino-hr","8":"first","9":"instock","10":"taxable","11":"shipping-taxable","12":"purchasable","13":"product-type-simple"},"acf":[],"yoast_head":"<!-- This site is optimized with the Yoast SEO plugin v23.9 - https:\/\/yoast.com\/wordpress\/plugins\/seo\/ -->\n<title>G2 Senzorski dozator 355ml - Germstar<\/title>\n<meta name=\"robots\" content=\"index, follow, max-snippet:-1, max-image-preview:large, max-video-preview:-1\" \/>\n<link rel=\"canonical\" href=\"https:\/\/www.germstar.si\/hr\/trgovina\/za-dom-in-druzino-hr\/g2-senzorski-dozator-355ml\/\" \/>\n<meta property=\"og:locale\" content=\"hr_HR\" \/>\n<meta property=\"og:type\" content=\"article\" \/>\n<meta property=\"og:title\" content=\"G2 Senzorski dozator 355ml - Germstar\" \/>\n<meta property=\"og:description\" content=\"G2 SENZORSKI DOZATORI TRENUTA\u0106NO NISU NA STANJU. ROK ISPORUKE JE 60 DANA.  Germstar G2 senzorski dozator odlikuje prijetna oblika in in \u0161iroka paleta baru. Primeren je za uporabo v vrtcih, \u0161olah, pisarnah, povsod kjer je pomembno da otroci in odrasli uporabljajo mila in razku\u017eila zaradi prepre\u010devanja in \u0161irjenja oku\u017eb ali epidemij. Oblika dozatorja spodbuja umivanje rok. Eno polnjenje vsebuje 355ml teko\u010dine, ki zadostuje za priblji\u017eno 500 umivanj ali razku\u017eevanj. Senzorski dozator Germstar ima infrarde\u010d detektor gibanja, ki spro\u017ei brizg mila ali razku\u017eila. Koli\u010dina mila ali razku\u017eila je enostavno nastavljiva. Nanos je vedno optimalen, brez odpadka. K vsakemu dozatorju so prilo\u017eena navodila in komplet vijakov za stensko monta\u017eo.  Reference\u00a0\u00a0\u00a0 Galerija  Kako deluje dozator in mere dozatorja\" \/>\n<meta property=\"og:url\" content=\"https:\/\/www.germstar.si\/hr\/trgovina\/za-dom-in-druzino-hr\/g2-senzorski-dozator-355ml\/\" \/>\n<meta property=\"og:site_name\" content=\"Germstar\" \/>\n<meta property=\"article:modified_time\" content=\"2021-07-06T09:43:15+00:00\" \/>\n<meta property=\"og:image\" content=\"https:\/\/www.germstar.si\/wp-content\/uploads\/2021\/06\/Color-Dispensers.png\" \/>\n\t<meta property=\"og:image:width\" content=\"1000\" \/>\n\t<meta property=\"og:image:height\" content=\"767\" \/>\n\t<meta property=\"og:image:type\" content=\"image\/png\" \/>\n<meta name=\"twitter:card\" content=\"summary_large_image\" \/>\n<script type=\"application\/ld+json\" class=\"yoast-schema-graph\">{\"@context\":\"https:\/\/schema.org\",\"@graph\":[{\"@type\":\"WebPage\",\"@id\":\"https:\/\/www.germstar.si\/hr\/trgovina\/za-dom-in-druzino-hr\/g2-senzorski-dozator-355ml\/\",\"url\":\"https:\/\/www.germstar.si\/hr\/trgovina\/za-dom-in-druzino-hr\/g2-senzorski-dozator-355ml\/\",\"name\":\"G2 Senzorski dozator 355ml - Germstar\",\"isPartOf\":{\"@id\":\"https:\/\/www.germstar.si\/#website\"},\"primaryImageOfPage\":{\"@id\":\"https:\/\/www.germstar.si\/hr\/trgovina\/za-dom-in-druzino-hr\/g2-senzorski-dozator-355ml\/#primaryimage\"},\"image\":{\"@id\":\"https:\/\/www.germstar.si\/hr\/trgovina\/za-dom-in-druzino-hr\/g2-senzorski-dozator-355ml\/#primaryimage\"},\"thumbnailUrl\":\"https:\/\/www.germstar.si\/wp-content\/uploads\/2021\/06\/Color-Dispensers.png\",\"datePublished\":\"2021-06-10T05:45:16+00:00\",\"dateModified\":\"2021-07-06T09:43:15+00:00\",\"breadcrumb\":{\"@id\":\"https:\/\/www.germstar.si\/hr\/trgovina\/za-dom-in-druzino-hr\/g2-senzorski-dozator-355ml\/#breadcrumb\"},\"inLanguage\":\"hr\",\"potentialAction\":[{\"@type\":\"ReadAction\",\"target\":[\"https:\/\/www.germstar.si\/hr\/trgovina\/za-dom-in-druzino-hr\/g2-senzorski-dozator-355ml\/\"]}]},{\"@type\":\"ImageObject\",\"inLanguage\":\"hr\",\"@id\":\"https:\/\/www.germstar.si\/hr\/trgovina\/za-dom-in-druzino-hr\/g2-senzorski-dozator-355ml\/#primaryimage\",\"url\":\"https:\/\/www.germstar.si\/wp-content\/uploads\/2021\/06\/Color-Dispensers.png\",\"contentUrl\":\"https:\/\/www.germstar.si\/wp-content\/uploads\/2021\/06\/Color-Dispensers.png\",\"width\":1000,\"height\":767,\"caption\":\"Brezkontaktni dozatorji vseh barv\"},{\"@type\":\"BreadcrumbList\",\"@id\":\"https:\/\/www.germstar.si\/hr\/trgovina\/za-dom-in-druzino-hr\/g2-senzorski-dozator-355ml\/#breadcrumb\",\"itemListElement\":[{\"@type\":\"ListItem\",\"position\":1,\"name\":\"Home\",\"item\":\"https:\/\/www.germstar.si\/hr\/\"},{\"@type\":\"ListItem\",\"position\":2,\"name\":\"Trgovina\",\"item\":\"https:\/\/www.germstar.si\/hr\/trgovina\/\"},{\"@type\":\"ListItem\",\"position\":3,\"name\":\"G2 Senzorski dozator 355ml\"}]},{\"@type\":\"WebSite\",\"@id\":\"https:\/\/www.germstar.si\/#website\",\"url\":\"https:\/\/www.germstar.si\/\",\"name\":\"Germstar\",\"description\":\"Antibakterijska razku\u017eila in mila za roke\",\"publisher\":{\"@id\":\"https:\/\/www.germstar.si\/#organization\"},\"potentialAction\":[{\"@type\":\"SearchAction\",\"target\":{\"@type\":\"EntryPoint\",\"urlTemplate\":\"https:\/\/www.germstar.si\/?s={search_term_string}\"},\"query-input\":{\"@type\":\"PropertyValueSpecification\",\"valueRequired\":true,\"valueName\":\"search_term_string\"}}],\"inLanguage\":\"hr\"},{\"@type\":\"Organization\",\"@id\":\"https:\/\/www.germstar.si\/#organization\",\"name\":\"Germstar\",\"url\":\"https:\/\/www.germstar.si\/\",\"logo\":{\"@type\":\"ImageObject\",\"inLanguage\":\"hr\",\"@id\":\"https:\/\/www.germstar.si\/#\/schema\/logo\/image\/\",\"url\":\"https:\/\/www.germstar.si\/wp-content\/uploads\/2021\/03\/logo.png\",\"contentUrl\":\"https:\/\/www.germstar.si\/wp-content\/uploads\/2021\/03\/logo.png\",\"width\":287,\"height\":75,\"caption\":\"Germstar\"},\"image\":{\"@id\":\"https:\/\/www.germstar.si\/#\/schema\/logo\/image\/\"}}]}<\/script>\n<!-- \/ Yoast SEO plugin. -->","yoast_head_json":{"title":"G2 Senzorski dozator 355ml - Germstar","robots":{"index":"index","follow":"follow","max-snippet":"max-snippet:-1","max-image-preview":"max-image-preview:large","max-video-preview":"max-video-preview:-1"},"canonical":"https:\/\/www.germstar.si\/hr\/trgovina\/za-dom-in-druzino-hr\/g2-senzorski-dozator-355ml\/","og_locale":"hr_HR","og_type":"article","og_title":"G2 Senzorski dozator 355ml - Germstar","og_description":"G2 SENZORSKI DOZATORI TRENUTA\u0106NO NISU NA STANJU. ROK ISPORUKE JE 60 DANA.  Germstar G2 senzorski dozator odlikuje prijetna oblika in in \u0161iroka paleta baru. Primeren je za uporabo v vrtcih, \u0161olah, pisarnah, povsod kjer je pomembno da otroci in odrasli uporabljajo mila in razku\u017eila zaradi prepre\u010devanja in \u0161irjenja oku\u017eb ali epidemij. Oblika dozatorja spodbuja umivanje rok. Eno polnjenje vsebuje 355ml teko\u010dine, ki zadostuje za priblji\u017eno 500 umivanj ali razku\u017eevanj. Senzorski dozator Germstar ima infrarde\u010d detektor gibanja, ki spro\u017ei brizg mila ali razku\u017eila. Koli\u010dina mila ali razku\u017eila je enostavno nastavljiva. Nanos je vedno optimalen, brez odpadka. K vsakemu dozatorju so prilo\u017eena navodila in komplet vijakov za stensko monta\u017eo.  Reference\u00a0\u00a0\u00a0 Galerija  Kako deluje dozator in mere dozatorja","og_url":"https:\/\/www.germstar.si\/hr\/trgovina\/za-dom-in-druzino-hr\/g2-senzorski-dozator-355ml\/","og_site_name":"Germstar","article_modified_time":"2021-07-06T09:43:15+00:00","og_image":[{"width":1000,"height":767,"url":"https:\/\/www.germstar.si\/wp-content\/uploads\/2021\/06\/Color-Dispensers.png","type":"image\/png"}],"twitter_card":"summary_large_image","schema":{"@context":"https:\/\/schema.org","@graph":[{"@type":"WebPage","@id":"https:\/\/www.germstar.si\/hr\/trgovina\/za-dom-in-druzino-hr\/g2-senzorski-dozator-355ml\/","url":"https:\/\/www.germstar.si\/hr\/trgovina\/za-dom-in-druzino-hr\/g2-senzorski-dozator-355ml\/","name":"G2 Senzorski dozator 355ml - Germstar","isPartOf":{"@id":"https:\/\/www.germstar.si\/#website"},"primaryImageOfPage":{"@id":"https:\/\/www.germstar.si\/hr\/trgovina\/za-dom-in-druzino-hr\/g2-senzorski-dozator-355ml\/#primaryimage"},"image":{"@id":"https:\/\/www.germstar.si\/hr\/trgovina\/za-dom-in-druzino-hr\/g2-senzorski-dozator-355ml\/#primaryimage"},"thumbnailUrl":"https:\/\/www.germstar.si\/wp-content\/uploads\/2021\/06\/Color-Dispensers.png","datePublished":"2021-06-10T05:45:16+00:00","dateModified":"2021-07-06T09:43:15+00:00","breadcrumb":{"@id":"https:\/\/www.germstar.si\/hr\/trgovina\/za-dom-in-druzino-hr\/g2-senzorski-dozator-355ml\/#breadcrumb"},"inLanguage":"hr","potentialAction":[{"@type":"ReadAction","target":["https:\/\/www.germstar.si\/hr\/trgovina\/za-dom-in-druzino-hr\/g2-senzorski-dozator-355ml\/"]}]},{"@type":"ImageObject","inLanguage":"hr","@id":"https:\/\/www.germstar.si\/hr\/trgovina\/za-dom-in-druzino-hr\/g2-senzorski-dozator-355ml\/#primaryimage","url":"https:\/\/www.germstar.si\/wp-content\/uploads\/2021\/06\/Color-Dispensers.png","contentUrl":"https:\/\/www.germstar.si\/wp-content\/uploads\/2021\/06\/Color-Dispensers.png","width":1000,"height":767,"caption":"Brezkontaktni dozatorji vseh barv"},{"@type":"BreadcrumbList","@id":"https:\/\/www.germstar.si\/hr\/trgovina\/za-dom-in-druzino-hr\/g2-senzorski-dozator-355ml\/#breadcrumb","itemListElement":[{"@type":"ListItem","position":1,"name":"Home","item":"https:\/\/www.germstar.si\/hr\/"},{"@type":"ListItem","position":2,"name":"Trgovina","item":"https:\/\/www.germstar.si\/hr\/trgovina\/"},{"@type":"ListItem","position":3,"name":"G2 Senzorski dozator 355ml"}]},{"@type":"WebSite","@id":"https:\/\/www.germstar.si\/#website","url":"https:\/\/www.germstar.si\/","name":"Germstar","description":"Antibakterijska razku\u017eila in mila za roke","publisher":{"@id":"https:\/\/www.germstar.si\/#organization"},"potentialAction":[{"@type":"SearchAction","target":{"@type":"EntryPoint","urlTemplate":"https:\/\/www.germstar.si\/?s={search_term_string}"},"query-input":{"@type":"PropertyValueSpecification","valueRequired":true,"valueName":"search_term_string"}}],"inLanguage":"hr"},{"@type":"Organization","@id":"https:\/\/www.germstar.si\/#organization","name":"Germstar","url":"https:\/\/www.germstar.si\/","logo":{"@type":"ImageObject","inLanguage":"hr","@id":"https:\/\/www.germstar.si\/#\/schema\/logo\/image\/","url":"https:\/\/www.germstar.si\/wp-content\/uploads\/2021\/03\/logo.png","contentUrl":"https:\/\/www.germstar.si\/wp-content\/uploads\/2021\/03\/logo.png","width":287,"height":75,"caption":"Germstar"},"image":{"@id":"https:\/\/www.germstar.si\/#\/schema\/logo\/image\/"}}]}},"_links":{"self":[{"href":"https:\/\/www.germstar.si\/hr\/wp-json\/wp\/v2\/product\/1357","targetHints":{"allow":["GET"]}}],"collection":[{"href":"https:\/\/www.germstar.si\/hr\/wp-json\/wp\/v2\/product"}],"about":[{"href":"https:\/\/www.germstar.si\/hr\/wp-json\/wp\/v2\/types\/product"}],"wp:featuredmedia":[{"embeddable":true,"href":"https:\/\/www.germstar.si\/hr\/wp-json\/wp\/v2\/media\/1077"}],"wp:attachment":[{"href":"https:\/\/www.germstar.si\/hr\/wp-json\/wp\/v2\/media?parent=1357"}],"wp:term":[{"taxonomy":"product_cat","embeddable":true,"href":"https:\/\/www.germstar.si\/hr\/wp-json\/wp\/v2\/product_cat?post=1357"},{"taxonomy":"product_tag","embeddable":true,"href":"https:\/\/www.germstar.si\/hr\/wp-json\/wp\/v2\/product_tag?post=1357"}],"curies":[{"name":"wp","href":"https:\/\/api.w.org\/{rel}","templated":true}]}}