{"id":1355,"date":"2021-05-05T13:58:18","date_gmt":"2021-05-05T11:58:18","guid":{"rendered":"https:\/\/www.germstar.si\/trgovina\/Bez%20kategorije\/g1-senzorski-dozator-946ml\/"},"modified":"2021-08-04T07:29:34","modified_gmt":"2021-08-04T05:29:34","slug":"g1-senzorski-dozator-946ml","status":"publish","type":"product","link":"https:\/\/www.germstar.si\/hr\/trgovina\/za-podjetja-hr\/g1-senzorski-dozator-946ml\/","title":{"rendered":"G1 Senzorski dozator 946ml"},"content":{"rendered":"<p>Germstarov senzorski dozator\u00a0Soaptronic ima lijep dizajn i robusno ku\u0107i\u0161te. Pogodan je za upotrebu u vrti\u0107ima, \u0161kolama, na fakultetima i u industriji, gdje je va\u017eno da mladi ljudi koriste sapun i dezinfekcijska sredstva namijenjena za prevenciju i \u0161irenje infekcija i epidemija. Ugodan izgled i \u0161irok izbor boja je uvjerljivo najbolji izbor za svaku blagovaonicu i WC. Vidljivi dozator osigurava da svako dijete, student ili profesor ne zaboravi oprati ruke nakon izlaska iz sanitarnog \u010dvora. Higijena ruku i dezinfekcija pokrenuti \u0107e zna\u010dajan utjecaj na smanjenje zaraza i sprje\u010davanje \u0161irenja zaraznih bolesti.<br \/>\nInfracrveni detektor Germstarovog dozatora pokreta omogu\u0107uje \u0161pricanje sapunom ili sredstvom za dezinfekciju. Iznos koli\u010dine potrebitog sapuna ili sredstva za dezinfekciju se mo\u017ee uvijek pode\u0161avati. Uvijek se dozira dovoljno teku\u0107ine. Dozator nema pokretnih dijelova i raditi pomo\u0107u gravitacije. Razina sapun ili sredstva za dezinfekciju je vidljiva kroz prozirni poklopac.<br \/>\nOkrugli oblik spre\u010dava mikroorganizme koji se nalaze u zraku da se talo\u017ee na dozatoru. Inovativni i atraktivan dizajn promi\u010de pranje ruku<br \/>\nBez kontakt sa ure\u0111ajem se eliminira kontaminacija ruku i pru\u017ea se mogu\u0107nost potpune dezinfekcije ruku u samo 15-20 sekundi.<br \/>\nSa svakim dozatorom dolaze upute i kit za monta\u017eu na zid.<\/p>\n<p><a title=\"Navodila za uporabo in mere za dozator\" href=\"https:\/\/www.germstar.hr\/navodila-za-uporabo-g1\/\"><span style=\"text-decoration: underline;\"><strong>Kako to radi dozator i mjere doziranja<\/strong><\/span><span style=\"text-decoration: underline;\"><strong><br \/>\n<\/strong><\/span><\/a><\/p>\n<p><span style=\"text-decoration: underline;\"><a title=\"Zakaj Germstar video\" href=\"https:\/\/www.germstar.hr\/zasto-germstar\/\"><strong>Za\u0161to Germstar &#8211; video?<\/strong><\/a><\/span><\/p>\n","protected":false},"excerpt":{"rendered":"<p>ZBOG POVE\u010cANOG INTERESA ROK ISPORUKE JE 8 DANA. MOLIMO SVE NARU\u0110BE NA MAIL joze@germstar.si<\/p>\n<p>DOZATORI U CRNOJ BOJI TRENUTA\u010cNO NISU NA STANJU<\/p>\n<p>Germstarov senzorski dozator\u00a0Soaptronic ima\u00a0lijep dizajn i robusno ku\u0107i\u0161te. Pogodan je za upotrebu u vrti\u0107ima, \u0161kolama, na fakultetima i u industriji, gdje je va\u017eno da mladi ljudi koriste sapun i dezinfekcijska sredstva namijenjena za prevenciju i \u0161irenje infekcija i epidemija.<br \/>\nDozator nema pokretnih dijelova i raditi pomo\u0107u gravitacije. Razina sapun ili sredstva za dezinfekciju je vidljiva kroz prozirni poklopac.<br \/>\nOkrugli oblik spre\u010dava mikroorganizme koji se nalaze u zraku da se talo\u017ee na dozatoru. Inovativni i atraktivan dizajn promi\u010de pranje ruku.<br \/>\nSa svakim dozatorom dolaze upute i kit za monta\u017eu na zid.<\/p>\n<p><strong><a title=\"Navodila za uporabo in mere za dozator\" href=\"https:\/\/www.germstar.hr\/navodila-za-uporabo-g1\/\"><span style=\"text-decoration: underline;\">Kako to radi dozator i mjere doziranja<\/span><\/a><br \/>\n<\/strong><\/p>\n<p><span style=\"text-decoration: underline;\"><a title=\"Zakaj Getrmstar video\" href=\"https:\/\/www.germstar.si\/hr\/zasto-germstar\/\"><strong>Za\u0161to Germstar &#8211; video?<\/strong><\/a><\/span><\/p>\n","protected":false},"featured_media":1018,"template":"","meta":{"_acf_changed":false},"product_cat":[59],"product_tag":[],"class_list":{"0":"post-1355","1":"product","2":"type-product","3":"status-publish","4":"has-post-thumbnail","6":"product_cat-za-podjetja-hr","8":"first","9":"instock","10":"taxable","11":"shipping-taxable","12":"purchasable","13":"product-type-simple"},"acf":[],"yoast_head":"<!-- This site is optimized with the Yoast SEO plugin v23.9 - https:\/\/yoast.com\/wordpress\/plugins\/seo\/ -->\n<title>G1 Senzorski dozator 946ml - Germstar<\/title>\n<meta name=\"robots\" content=\"index, follow, max-snippet:-1, max-image-preview:large, max-video-preview:-1\" \/>\n<link rel=\"canonical\" href=\"https:\/\/www.germstar.si\/hr\/trgovina\/za-podjetja-hr\/g1-senzorski-dozator-946ml\/\" \/>\n<meta property=\"og:locale\" content=\"hr_HR\" \/>\n<meta property=\"og:type\" content=\"article\" \/>\n<meta property=\"og:title\" content=\"G1 Senzorski dozator 946ml - Germstar\" \/>\n<meta property=\"og:description\" content=\"ZBOG POVE\u010cANOG INTERESA ROK ISPORUKE JE 8 DANA. MOLIMO SVE NARU\u0110BE NA MAIL joze@germstar.si  DOZATORI U CRNOJ BOJI TRENUTA\u010cNO NISU NA STANJU  Germstarov senzorski dozator\u00a0Soaptronic ima\u00a0lijep dizajn i robusno ku\u0107i\u0161te. Pogodan je za upotrebu u vrti\u0107ima, \u0161kolama, na fakultetima i u industriji, gdje je va\u017eno da mladi ljudi koriste sapun i dezinfekcijska sredstva namijenjena za prevenciju i \u0161irenje infekcija i epidemija. Dozator nema pokretnih dijelova i raditi pomo\u0107u gravitacije. Razina sapun ili sredstva za dezinfekciju je vidljiva kroz prozirni poklopac. Okrugli oblik spre\u010dava mikroorganizme koji se nalaze u zraku da se talo\u017ee na dozatoru. Inovativni i atraktivan dizajn promi\u010de pranje ruku. Sa svakim dozatorom dolaze upute i kit za monta\u017eu na zid.  Kako to radi dozator i mjere doziranja   Za\u0161to Germstar - video?\" \/>\n<meta property=\"og:url\" content=\"https:\/\/www.germstar.si\/hr\/trgovina\/za-podjetja-hr\/g1-senzorski-dozator-946ml\/\" \/>\n<meta property=\"og:site_name\" content=\"Germstar\" \/>\n<meta property=\"article:modified_time\" content=\"2021-08-04T05:29:34+00:00\" \/>\n<meta property=\"og:image\" content=\"https:\/\/www.germstar.si\/wp-content\/uploads\/2021\/05\/moder_stenski.png\" \/>\n\t<meta property=\"og:image:width\" content=\"751\" \/>\n\t<meta property=\"og:image:height\" content=\"1000\" \/>\n\t<meta property=\"og:image:type\" content=\"image\/png\" \/>\n<meta name=\"twitter:card\" content=\"summary_large_image\" \/>\n<meta name=\"twitter:label1\" content=\"Procijenjeno vrijeme \u010ditanja\" \/>\n\t<meta name=\"twitter:data1\" content=\"1 minuta\" \/>\n<script type=\"application\/ld+json\" class=\"yoast-schema-graph\">{\"@context\":\"https:\/\/schema.org\",\"@graph\":[{\"@type\":\"WebPage\",\"@id\":\"https:\/\/www.germstar.si\/hr\/trgovina\/za-podjetja-hr\/g1-senzorski-dozator-946ml\/\",\"url\":\"https:\/\/www.germstar.si\/hr\/trgovina\/za-podjetja-hr\/g1-senzorski-dozator-946ml\/\",\"name\":\"G1 Senzorski dozator 946ml - Germstar\",\"isPartOf\":{\"@id\":\"https:\/\/www.germstar.si\/#website\"},\"primaryImageOfPage\":{\"@id\":\"https:\/\/www.germstar.si\/hr\/trgovina\/za-podjetja-hr\/g1-senzorski-dozator-946ml\/#primaryimage\"},\"image\":{\"@id\":\"https:\/\/www.germstar.si\/hr\/trgovina\/za-podjetja-hr\/g1-senzorski-dozator-946ml\/#primaryimage\"},\"thumbnailUrl\":\"https:\/\/www.germstar.si\/wp-content\/uploads\/2021\/05\/moder_stenski.png\",\"datePublished\":\"2021-05-05T11:58:18+00:00\",\"dateModified\":\"2021-08-04T05:29:34+00:00\",\"breadcrumb\":{\"@id\":\"https:\/\/www.germstar.si\/hr\/trgovina\/za-podjetja-hr\/g1-senzorski-dozator-946ml\/#breadcrumb\"},\"inLanguage\":\"hr\",\"potentialAction\":[{\"@type\":\"ReadAction\",\"target\":[\"https:\/\/www.germstar.si\/hr\/trgovina\/za-podjetja-hr\/g1-senzorski-dozator-946ml\/\"]}]},{\"@type\":\"ImageObject\",\"inLanguage\":\"hr\",\"@id\":\"https:\/\/www.germstar.si\/hr\/trgovina\/za-podjetja-hr\/g1-senzorski-dozator-946ml\/#primaryimage\",\"url\":\"https:\/\/www.germstar.si\/wp-content\/uploads\/2021\/05\/moder_stenski.png\",\"contentUrl\":\"https:\/\/www.germstar.si\/wp-content\/uploads\/2021\/05\/moder_stenski.png\",\"width\":751,\"height\":1000},{\"@type\":\"BreadcrumbList\",\"@id\":\"https:\/\/www.germstar.si\/hr\/trgovina\/za-podjetja-hr\/g1-senzorski-dozator-946ml\/#breadcrumb\",\"itemListElement\":[{\"@type\":\"ListItem\",\"position\":1,\"name\":\"Home\",\"item\":\"https:\/\/www.germstar.si\/hr\/\"},{\"@type\":\"ListItem\",\"position\":2,\"name\":\"Trgovina\",\"item\":\"https:\/\/www.germstar.si\/hr\/trgovina\/\"},{\"@type\":\"ListItem\",\"position\":3,\"name\":\"G1 Senzorski dozator 946ml\"}]},{\"@type\":\"WebSite\",\"@id\":\"https:\/\/www.germstar.si\/#website\",\"url\":\"https:\/\/www.germstar.si\/\",\"name\":\"Germstar\",\"description\":\"Antibakterijska razku\u017eila in mila za roke\",\"publisher\":{\"@id\":\"https:\/\/www.germstar.si\/#organization\"},\"potentialAction\":[{\"@type\":\"SearchAction\",\"target\":{\"@type\":\"EntryPoint\",\"urlTemplate\":\"https:\/\/www.germstar.si\/?s={search_term_string}\"},\"query-input\":{\"@type\":\"PropertyValueSpecification\",\"valueRequired\":true,\"valueName\":\"search_term_string\"}}],\"inLanguage\":\"hr\"},{\"@type\":\"Organization\",\"@id\":\"https:\/\/www.germstar.si\/#organization\",\"name\":\"Germstar\",\"url\":\"https:\/\/www.germstar.si\/\",\"logo\":{\"@type\":\"ImageObject\",\"inLanguage\":\"hr\",\"@id\":\"https:\/\/www.germstar.si\/#\/schema\/logo\/image\/\",\"url\":\"https:\/\/www.germstar.si\/wp-content\/uploads\/2021\/03\/logo.png\",\"contentUrl\":\"https:\/\/www.germstar.si\/wp-content\/uploads\/2021\/03\/logo.png\",\"width\":287,\"height\":75,\"caption\":\"Germstar\"},\"image\":{\"@id\":\"https:\/\/www.germstar.si\/#\/schema\/logo\/image\/\"}}]}<\/script>\n<!-- \/ Yoast SEO plugin. -->","yoast_head_json":{"title":"G1 Senzorski dozator 946ml - Germstar","robots":{"index":"index","follow":"follow","max-snippet":"max-snippet:-1","max-image-preview":"max-image-preview:large","max-video-preview":"max-video-preview:-1"},"canonical":"https:\/\/www.germstar.si\/hr\/trgovina\/za-podjetja-hr\/g1-senzorski-dozator-946ml\/","og_locale":"hr_HR","og_type":"article","og_title":"G1 Senzorski dozator 946ml - Germstar","og_description":"ZBOG POVE\u010cANOG INTERESA ROK ISPORUKE JE 8 DANA. MOLIMO SVE NARU\u0110BE NA MAIL joze@germstar.si  DOZATORI U CRNOJ BOJI TRENUTA\u010cNO NISU NA STANJU  Germstarov senzorski dozator\u00a0Soaptronic ima\u00a0lijep dizajn i robusno ku\u0107i\u0161te. Pogodan je za upotrebu u vrti\u0107ima, \u0161kolama, na fakultetima i u industriji, gdje je va\u017eno da mladi ljudi koriste sapun i dezinfekcijska sredstva namijenjena za prevenciju i \u0161irenje infekcija i epidemija. Dozator nema pokretnih dijelova i raditi pomo\u0107u gravitacije. Razina sapun ili sredstva za dezinfekciju je vidljiva kroz prozirni poklopac. Okrugli oblik spre\u010dava mikroorganizme koji se nalaze u zraku da se talo\u017ee na dozatoru. Inovativni i atraktivan dizajn promi\u010de pranje ruku. Sa svakim dozatorom dolaze upute i kit za monta\u017eu na zid.  Kako to radi dozator i mjere doziranja   Za\u0161to Germstar - video?","og_url":"https:\/\/www.germstar.si\/hr\/trgovina\/za-podjetja-hr\/g1-senzorski-dozator-946ml\/","og_site_name":"Germstar","article_modified_time":"2021-08-04T05:29:34+00:00","og_image":[{"width":751,"height":1000,"url":"https:\/\/www.germstar.si\/wp-content\/uploads\/2021\/05\/moder_stenski.png","type":"image\/png"}],"twitter_card":"summary_large_image","twitter_misc":{"Procijenjeno vrijeme \u010ditanja":"1 minuta"},"schema":{"@context":"https:\/\/schema.org","@graph":[{"@type":"WebPage","@id":"https:\/\/www.germstar.si\/hr\/trgovina\/za-podjetja-hr\/g1-senzorski-dozator-946ml\/","url":"https:\/\/www.germstar.si\/hr\/trgovina\/za-podjetja-hr\/g1-senzorski-dozator-946ml\/","name":"G1 Senzorski dozator 946ml - Germstar","isPartOf":{"@id":"https:\/\/www.germstar.si\/#website"},"primaryImageOfPage":{"@id":"https:\/\/www.germstar.si\/hr\/trgovina\/za-podjetja-hr\/g1-senzorski-dozator-946ml\/#primaryimage"},"image":{"@id":"https:\/\/www.germstar.si\/hr\/trgovina\/za-podjetja-hr\/g1-senzorski-dozator-946ml\/#primaryimage"},"thumbnailUrl":"https:\/\/www.germstar.si\/wp-content\/uploads\/2021\/05\/moder_stenski.png","datePublished":"2021-05-05T11:58:18+00:00","dateModified":"2021-08-04T05:29:34+00:00","breadcrumb":{"@id":"https:\/\/www.germstar.si\/hr\/trgovina\/za-podjetja-hr\/g1-senzorski-dozator-946ml\/#breadcrumb"},"inLanguage":"hr","potentialAction":[{"@type":"ReadAction","target":["https:\/\/www.germstar.si\/hr\/trgovina\/za-podjetja-hr\/g1-senzorski-dozator-946ml\/"]}]},{"@type":"ImageObject","inLanguage":"hr","@id":"https:\/\/www.germstar.si\/hr\/trgovina\/za-podjetja-hr\/g1-senzorski-dozator-946ml\/#primaryimage","url":"https:\/\/www.germstar.si\/wp-content\/uploads\/2021\/05\/moder_stenski.png","contentUrl":"https:\/\/www.germstar.si\/wp-content\/uploads\/2021\/05\/moder_stenski.png","width":751,"height":1000},{"@type":"BreadcrumbList","@id":"https:\/\/www.germstar.si\/hr\/trgovina\/za-podjetja-hr\/g1-senzorski-dozator-946ml\/#breadcrumb","itemListElement":[{"@type":"ListItem","position":1,"name":"Home","item":"https:\/\/www.germstar.si\/hr\/"},{"@type":"ListItem","position":2,"name":"Trgovina","item":"https:\/\/www.germstar.si\/hr\/trgovina\/"},{"@type":"ListItem","position":3,"name":"G1 Senzorski dozator 946ml"}]},{"@type":"WebSite","@id":"https:\/\/www.germstar.si\/#website","url":"https:\/\/www.germstar.si\/","name":"Germstar","description":"Antibakterijska razku\u017eila in mila za roke","publisher":{"@id":"https:\/\/www.germstar.si\/#organization"},"potentialAction":[{"@type":"SearchAction","target":{"@type":"EntryPoint","urlTemplate":"https:\/\/www.germstar.si\/?s={search_term_string}"},"query-input":{"@type":"PropertyValueSpecification","valueRequired":true,"valueName":"search_term_string"}}],"inLanguage":"hr"},{"@type":"Organization","@id":"https:\/\/www.germstar.si\/#organization","name":"Germstar","url":"https:\/\/www.germstar.si\/","logo":{"@type":"ImageObject","inLanguage":"hr","@id":"https:\/\/www.germstar.si\/#\/schema\/logo\/image\/","url":"https:\/\/www.germstar.si\/wp-content\/uploads\/2021\/03\/logo.png","contentUrl":"https:\/\/www.germstar.si\/wp-content\/uploads\/2021\/03\/logo.png","width":287,"height":75,"caption":"Germstar"},"image":{"@id":"https:\/\/www.germstar.si\/#\/schema\/logo\/image\/"}}]}},"_links":{"self":[{"href":"https:\/\/www.germstar.si\/hr\/wp-json\/wp\/v2\/product\/1355","targetHints":{"allow":["GET"]}}],"collection":[{"href":"https:\/\/www.germstar.si\/hr\/wp-json\/wp\/v2\/product"}],"about":[{"href":"https:\/\/www.germstar.si\/hr\/wp-json\/wp\/v2\/types\/product"}],"wp:featuredmedia":[{"embeddable":true,"href":"https:\/\/www.germstar.si\/hr\/wp-json\/wp\/v2\/media\/1018"}],"wp:attachment":[{"href":"https:\/\/www.germstar.si\/hr\/wp-json\/wp\/v2\/media?parent=1355"}],"wp:term":[{"taxonomy":"product_cat","embeddable":true,"href":"https:\/\/www.germstar.si\/hr\/wp-json\/wp\/v2\/product_cat?post=1355"},{"taxonomy":"product_tag","embeddable":true,"href":"https:\/\/www.germstar.si\/hr\/wp-json\/wp\/v2\/product_tag?post=1355"}],"curies":[{"name":"wp","href":"https:\/\/api.w.org\/{rel}","templated":true}]}}