{"id":1334,"date":"2021-03-02T16:32:41","date_gmt":"2021-03-02T15:32:41","guid":{"rendered":"https:\/\/www.germstar.si\/domov\/"},"modified":"2021-06-11T10:47:49","modified_gmt":"2021-06-11T08:47:49","slug":"domov","status":"publish","type":"page","link":"https:\/\/www.germstar.si\/hr\/","title":{"rendered":"Domov"},"content":{"rendered":"<div id=\"home-banner-slider\" class=\"germstar-slider  marg-bottom-30\">\n                        <div class=\"single-slide\" style=\"background-image: url(https:\/\/www.germstar.si\/wp-content\/uploads\/2021\/03\/slider1.jpg)\">\n                <a href=\"https:\/\/google.si\">\n                    <div class=\"container big-container\">\n                        <div class=\"content\">\n                                                                                    <div class=\"floating-bar floating-bar-2 right-bottom\">\n                                <h2>Brzo i u\u010dinkovito za samo 75 lipa<\/h2>\n<p>1 vre\u0107ica dezinfekcijske teku\u0107ine dovoljna je za cca. 1.500<br \/>\npranja ruku. Cijena jednog umivanja je 75 lipa. Germstar<br \/>\nu 30 sekundi uni\u0161tava 99,99% svih virusa.<\/p>\n                            <\/div>\n                                                    <\/div>\n                    <\/div>\n                <\/a>\n            <\/div>\n                    <div class=\"single-slide\" style=\"background-image: url(https:\/\/www.germstar.si\/wp-content\/uploads\/2021\/03\/slider2.jpg)\">\n                <a href=\"https:\/\/google.si\">\n                    <div class=\"container big-container\">\n                        <div class=\"content\">\n                                                                                    <div class=\"floating-bar floating-bar-2 right-bottom\">\n                                <h2>Senzorski dozeri<\/h2>\n<p>Aparat je na baterije i djeluje bez kontakta,<br \/>\nzbog toga je potputno autonoman i higijenski<br \/>\nsiguran. Zamjenjuje pranje ruku tamo gdje to nije<br \/>\nmogu\u010de. Duga autonomija djelovanja.<\/p>\n                            <\/div>\n                                                    <\/div>\n                    <\/div>\n                <\/a>\n            <\/div>\n            <\/div><div id=\"\" class=\"ow_container_section \">\n    <div class=\"container\">\n        <div class=\"content\">\n            \n<div id=\"\" class=\"woo-selected-categories \">\n            <div class=\"wp-block-columns\">\n                                            <a href=\"https:\/\/www.germstar.si\/kategorija-izdelka\/dozatorji\/\" class=\"single-cat wp-block-column\">\n                    <div class=\"inner-wrapper has-bottom-txt\" style=\"background-image: url(https:\/\/www.germstar.si\/wp-content\/uploads\/2021\/03\/ZaPodjetja.jpg)\">\n                        <div class=\"bottom-txt\"><h3>Brezkontaktni dozatorji<\/h3><\/div>\n                    <\/div>\n                <\/a>\n                                            <a href=\"https:\/\/www.germstar.si\/kategorija-izdelka\/luxe-spreji-15ml\/\" class=\"single-cat wp-block-column\">\n                    <div class=\"inner-wrapper has-bottom-txt\" style=\"background-image: url(https:\/\/www.germstar.si\/wp-content\/uploads\/2022\/10\/FULL-LINE-SPRAYERS-OPEN-368x254.jpg)\">\n                        <div class=\"bottom-txt\"><h3>Luxe di\u0161e\u010di elegantni spreji<\/h3><\/div>\n                    <\/div>\n                <\/a>\n                                            <a href=\"https:\/\/www.germstar.si\/kategorija-izdelka\/dodatki\/\" class=\"single-cat wp-block-column\">\n                    <div class=\"inner-wrapper has-bottom-txt\" style=\"background-image: url(https:\/\/www.germstar.si\/wp-content\/uploads\/2021\/03\/dodatki.jpg)\">\n                        <div class=\"bottom-txt\"><h3>Dodatki<\/h3><\/div>\n                    <\/div>\n                <\/a>\n                    <\/div>\n    <\/div>\n\n        <\/div>\n    <\/div>\n<\/div><div id=\"\" class=\"ow_container_section \">\n    <div class=\"container\">\n        <div class=\"content\">\n            \n<div class=\"wp-block-columns is-layout-flex wp-container-core-columns-is-layout-28f84493 wp-block-columns-is-layout-flex\"><div class=\"wp-block-column is-layout-flow wp-block-column-is-layout-flow\"><h4 class=\"wp-block-heading\"><a href=\"https:\/\/www.germstar.si\/hr\/zakaj-germstar\/\" data-type=\"page\" data-id=\"73\">Za\u0161to Germstar?<\/a><\/h4>\n\n<h2 class=\"wp-block-heading\">DEZINFICIJENS:<\/h2>\n\n<ul class=\"wp-block-list\"><li><strong>Uni\u0161ti 99,99% svih bakterija, virusa i gljivica<\/strong><br>Gripa, Rhinovirus &#8211; prehlad, Kandida, Norovirus &#8211; stoma\u010dna gripa, Salmonela, MRSA, SARS, Hepatitis (A, B, C), EColi, H1N1, HiV &#8230;<\/li><li><strong>Brzo se su\u0161i<\/strong><br>ruke su suhe posle 30 sekundi<\/li><li><strong>Na masti ruke\u00a0i ne isu\u0161uje ruke<\/strong><br>posle upotrebe ko\u017ea je nje\u017ena i mekana<\/li><li><strong>Dermatolo\u0161ki je ispitan proizvod<\/strong><br>izra\u0111eno iz 100 procentno prirodnih sastojka<\/li><\/ul>\n\n<h2 class=\"wp-block-heading\">TEKU\u010cI SAPUN:<\/h2>\n\n<ul class=\"wp-block-list\"><li><strong>Ekstra blagi sapun za ruke<\/strong><br>pogodno za djecu u vrti\u0107u<\/li><li><strong>Izra\u0111eno od najkvalitetnijih sastojka<\/strong><\/li><li><strong>\u0160titi od ne\u010disto\u0107e i odr\u017eava va\u0161e ruke \u010diste i mekane<\/strong><\/li><li><strong>Oblikuje blagu pjenu za \u010di\u0161\u0107enje, koja njeguje ruke<\/strong><\/li><li><strong>Bogata pjena ostavlja nje\u017ean i ugodan miris<\/strong><\/li><\/ul><\/div>\n\n<div class=\"wp-block-column is-layout-flow wp-block-column-is-layout-flow\"><h4 class=\"wp-block-heading\"><a href=\"https:\/\/www.germstar.si\/hr\/zakaj-germstar\/\" data-type=\"page\" data-id=\"73\">Video predstavitev<\/a><\/h4>\n\n<h2 class=\"wp-block-heading\">SENZORSKI DOZATOR\/DEZINFEKTOR:<\/h2>\n\n<ul class=\"wp-block-list\"><li><strong>Automatski dozira, smanjuje tro\u0161kove i pove\u0107ava u\u010dinkovitost proizvoda<\/strong><\/li><li><strong>Podesiva koli\u010dina potrebite teku\u0107ine<\/strong><br>od 0,7ml do 5ml<\/li><li><strong>Elegantan senzorski sistem<\/strong><br>dezinficiranje bez kontakta sa dozatorom<\/li><li><strong>100% iskori\u0161tenost punjenja vre\u0107ice<\/strong><br>zbog inovativne zasnove nema odpada<\/li><li><strong>Jednostavna zamjena punjenja<\/strong><br>fabri\u010dki zape\u010datene vre\u0107ice<\/li><li><strong>Duga autonomija djelovanja<\/strong><br>2 godine<\/li><li><strong>Jednostavna monta\u017ea<\/strong><br>kit za monta\u017eu na zid dolazi sa dozatorom<\/li><li><strong>Ure\u0111aj dolazi u puno razli\u010ditih boja<\/strong><br>mordra, crna, rumena i oran\u017ena opcija<\/li><li><strong>Cijena\u00a0 jedne dezinfekcija ruku je 0,01 \u20ac ili 1 cent<\/strong><\/li><\/ul><\/div><\/div>\n\n        <\/div>\n    <\/div>\n<\/div>","protected":false},"excerpt":{"rendered":"","protected":false},"author":1,"featured_media":0,"parent":0,"menu_order":0,"comment_status":"closed","ping_status":"closed","template":"","meta":{"_acf_changed":false,"footnotes":""},"class_list":["post-1334","page","type-page","status-publish","hentry"],"acf":[],"yoast_head":"<!-- This site is optimized with the Yoast SEO plugin v23.9 - https:\/\/yoast.com\/wordpress\/plugins\/seo\/ -->\n<title>Domov - Germstar<\/title>\n<meta name=\"robots\" content=\"index, follow, max-snippet:-1, max-image-preview:large, max-video-preview:-1\" \/>\n<link rel=\"canonical\" href=\"https:\/\/www.germstar.si\/hr\/\" \/>\n<meta property=\"og:locale\" content=\"hr_HR\" \/>\n<meta property=\"og:type\" content=\"article\" \/>\n<meta property=\"og:title\" content=\"Domov - Germstar\" \/>\n<meta property=\"og:url\" content=\"https:\/\/www.germstar.si\/hr\/\" \/>\n<meta property=\"og:site_name\" content=\"Germstar\" \/>\n<meta property=\"article:modified_time\" content=\"2021-06-11T08:47:49+00:00\" \/>\n<meta name=\"twitter:card\" content=\"summary_large_image\" \/>\n<meta name=\"twitter:label1\" content=\"Procijenjeno vrijeme \u010ditanja\" \/>\n\t<meta name=\"twitter:data1\" content=\"1 minuta\" \/>\n<script type=\"application\/ld+json\" class=\"yoast-schema-graph\">{\"@context\":\"https:\/\/schema.org\",\"@graph\":[{\"@type\":\"WebPage\",\"@id\":\"https:\/\/www.germstar.si\/hr\/\",\"url\":\"https:\/\/www.germstar.si\/hr\/\",\"name\":\"Domov - Germstar\",\"isPartOf\":{\"@id\":\"https:\/\/www.germstar.si\/#website\"},\"datePublished\":\"2021-03-02T15:32:41+00:00\",\"dateModified\":\"2021-06-11T08:47:49+00:00\",\"breadcrumb\":{\"@id\":\"https:\/\/www.germstar.si\/hr\/#breadcrumb\"},\"inLanguage\":\"hr\",\"potentialAction\":[{\"@type\":\"ReadAction\",\"target\":[\"https:\/\/www.germstar.si\/hr\/\"]}]},{\"@type\":\"BreadcrumbList\",\"@id\":\"https:\/\/www.germstar.si\/hr\/#breadcrumb\",\"itemListElement\":[{\"@type\":\"ListItem\",\"position\":1,\"name\":\"Home\",\"item\":\"https:\/\/www.germstar.si\/hr\/\"},{\"@type\":\"ListItem\",\"position\":2,\"name\":\"Domov\"}]},{\"@type\":\"WebSite\",\"@id\":\"https:\/\/www.germstar.si\/#website\",\"url\":\"https:\/\/www.germstar.si\/\",\"name\":\"Germstar\",\"description\":\"Antibakterijska razku\u017eila in mila za roke\",\"publisher\":{\"@id\":\"https:\/\/www.germstar.si\/#organization\"},\"potentialAction\":[{\"@type\":\"SearchAction\",\"target\":{\"@type\":\"EntryPoint\",\"urlTemplate\":\"https:\/\/www.germstar.si\/?s={search_term_string}\"},\"query-input\":{\"@type\":\"PropertyValueSpecification\",\"valueRequired\":true,\"valueName\":\"search_term_string\"}}],\"inLanguage\":\"hr\"},{\"@type\":\"Organization\",\"@id\":\"https:\/\/www.germstar.si\/#organization\",\"name\":\"Germstar\",\"url\":\"https:\/\/www.germstar.si\/\",\"logo\":{\"@type\":\"ImageObject\",\"inLanguage\":\"hr\",\"@id\":\"https:\/\/www.germstar.si\/#\/schema\/logo\/image\/\",\"url\":\"https:\/\/www.germstar.si\/wp-content\/uploads\/2021\/03\/logo.png\",\"contentUrl\":\"https:\/\/www.germstar.si\/wp-content\/uploads\/2021\/03\/logo.png\",\"width\":287,\"height\":75,\"caption\":\"Germstar\"},\"image\":{\"@id\":\"https:\/\/www.germstar.si\/#\/schema\/logo\/image\/\"}}]}<\/script>\n<!-- \/ Yoast SEO plugin. -->","yoast_head_json":{"title":"Domov - Germstar","robots":{"index":"index","follow":"follow","max-snippet":"max-snippet:-1","max-image-preview":"max-image-preview:large","max-video-preview":"max-video-preview:-1"},"canonical":"https:\/\/www.germstar.si\/hr\/","og_locale":"hr_HR","og_type":"article","og_title":"Domov - Germstar","og_url":"https:\/\/www.germstar.si\/hr\/","og_site_name":"Germstar","article_modified_time":"2021-06-11T08:47:49+00:00","twitter_card":"summary_large_image","twitter_misc":{"Procijenjeno vrijeme \u010ditanja":"1 minuta"},"schema":{"@context":"https:\/\/schema.org","@graph":[{"@type":"WebPage","@id":"https:\/\/www.germstar.si\/hr\/","url":"https:\/\/www.germstar.si\/hr\/","name":"Domov - Germstar","isPartOf":{"@id":"https:\/\/www.germstar.si\/#website"},"datePublished":"2021-03-02T15:32:41+00:00","dateModified":"2021-06-11T08:47:49+00:00","breadcrumb":{"@id":"https:\/\/www.germstar.si\/hr\/#breadcrumb"},"inLanguage":"hr","potentialAction":[{"@type":"ReadAction","target":["https:\/\/www.germstar.si\/hr\/"]}]},{"@type":"BreadcrumbList","@id":"https:\/\/www.germstar.si\/hr\/#breadcrumb","itemListElement":[{"@type":"ListItem","position":1,"name":"Home","item":"https:\/\/www.germstar.si\/hr\/"},{"@type":"ListItem","position":2,"name":"Domov"}]},{"@type":"WebSite","@id":"https:\/\/www.germstar.si\/#website","url":"https:\/\/www.germstar.si\/","name":"Germstar","description":"Antibakterijska razku\u017eila in mila za roke","publisher":{"@id":"https:\/\/www.germstar.si\/#organization"},"potentialAction":[{"@type":"SearchAction","target":{"@type":"EntryPoint","urlTemplate":"https:\/\/www.germstar.si\/?s={search_term_string}"},"query-input":{"@type":"PropertyValueSpecification","valueRequired":true,"valueName":"search_term_string"}}],"inLanguage":"hr"},{"@type":"Organization","@id":"https:\/\/www.germstar.si\/#organization","name":"Germstar","url":"https:\/\/www.germstar.si\/","logo":{"@type":"ImageObject","inLanguage":"hr","@id":"https:\/\/www.germstar.si\/#\/schema\/logo\/image\/","url":"https:\/\/www.germstar.si\/wp-content\/uploads\/2021\/03\/logo.png","contentUrl":"https:\/\/www.germstar.si\/wp-content\/uploads\/2021\/03\/logo.png","width":287,"height":75,"caption":"Germstar"},"image":{"@id":"https:\/\/www.germstar.si\/#\/schema\/logo\/image\/"}}]}},"_links":{"self":[{"href":"https:\/\/www.germstar.si\/hr\/wp-json\/wp\/v2\/pages\/1334","targetHints":{"allow":["GET"]}}],"collection":[{"href":"https:\/\/www.germstar.si\/hr\/wp-json\/wp\/v2\/pages"}],"about":[{"href":"https:\/\/www.germstar.si\/hr\/wp-json\/wp\/v2\/types\/page"}],"author":[{"embeddable":true,"href":"https:\/\/www.germstar.si\/hr\/wp-json\/wp\/v2\/users\/1"}],"replies":[{"embeddable":true,"href":"https:\/\/www.germstar.si\/hr\/wp-json\/wp\/v2\/comments?post=1334"}],"version-history":[{"count":2,"href":"https:\/\/www.germstar.si\/hr\/wp-json\/wp\/v2\/pages\/1334\/revisions"}],"predecessor-version":[{"id":1359,"href":"https:\/\/www.germstar.si\/hr\/wp-json\/wp\/v2\/pages\/1334\/revisions\/1359"}],"wp:attachment":[{"href":"https:\/\/www.germstar.si\/hr\/wp-json\/wp\/v2\/media?parent=1334"}],"curies":[{"name":"wp","href":"https:\/\/api.w.org\/{rel}","templated":true}]}}