{"id":1332,"date":"2021-03-29T13:23:25","date_gmt":"2021-03-29T11:23:25","guid":{"rendered":"https:\/\/www.germstar.si\/zakaj-germstar\/"},"modified":"2021-06-15T13:12:53","modified_gmt":"2021-06-15T11:12:53","slug":"zasto-germstar","status":"publish","type":"page","link":"https:\/\/www.germstar.si\/hr\/zasto-germstar\/","title":{"rendered":"Za\u0161to Germstar"},"content":{"rendered":"<div id=\"\" class=\"ow_container_section \">\n    <div class=\"container\">\n        <div class=\"content\">\n            \n<h1 class=\"wp-block-heading\">Za\u0161to Germstar<\/h1>\n\n<p>Germstar u kontaktu uni\u0161tava 99,99 posto svih prenosivih bakterija, virusa i gljivica (dvostruko vi\u0161e nego ve\u0107ina drugih proizvoda).<br>Germstarov patentirani dozator djeluje gravitacijski bez kontakta rukama i poti\u010de pranje ruku s 30-50 posto pa na 90 posto i vi\u0161e \u0161titi i poma\u017ee zaustaviti \u0161irenje infekcija.<\/p>\n\n<div class=\"wp-block-columns is-layout-flex wp-container-core-columns-is-layout-28f84493 wp-block-columns-is-layout-flex\"><div class=\"wp-block-column is-layout-flow wp-block-column-is-layout-flow\"><figure class=\"wp-block-embed is-type-video is-provider-youtube wp-block-embed-youtube wp-embed-aspect-16-9 wp-has-aspect-ratio\"><div class=\"wp-block-embed__wrapper\">\n<iframe loading=\"lazy\" title=\"Zakaj Germstar?\" width=\"980\" height=\"551\" src=\"https:\/\/www.youtube.com\/embed\/g9aKi6sqgBs?feature=oembed\" frameborder=\"0\" allow=\"accelerometer; autoplay; clipboard-write; encrypted-media; gyroscope; picture-in-picture\" allowfullscreen><\/iframe>\n<\/div><\/figure><\/div>\n\n<div class=\"wp-block-column is-layout-flow wp-block-column-is-layout-flow\"><figure class=\"wp-block-embed is-type-video is-provider-youtube wp-block-embed-youtube wp-embed-aspect-4-3 wp-has-aspect-ratio\"><div class=\"wp-block-embed__wrapper\">\n<iframe loading=\"lazy\" title=\"Germstar\" width=\"980\" height=\"735\" src=\"https:\/\/www.youtube.com\/embed\/-djYTO1aR9U?feature=oembed\" frameborder=\"0\" allow=\"accelerometer; autoplay; clipboard-write; encrypted-media; gyroscope; picture-in-picture\" allowfullscreen><\/iframe>\n<\/div><\/figure><\/div><\/div>\n\n<p>Specijalni dizajn dozatora pru\u017ea mogu\u0107nost potro\u0161nje i zadnje kapi dezinficijensa, a mi sami procjenjujemo optimalnu dozu za maksimalnu u\u010dinkovitost. Svaka vre\u0107ica dovoljna je za do 1500 pranja ruku.<\/p>\n\n<p>Za razliku od drugih proizvoda na bazi gela, \u0161to smanjuje u\u010dinkovitost, Germstar teku\u0107ina ne ostavlja nikakve ostatke. 100 posto je prirodna hidratantna i hranjiva, te aktivni sastojci u teku\u0107ini sprje\u010davaju isu\u0161ivanje ko\u017ee i \u010dine ruke nakon pranja mekanim i mirisnim.<\/p>\n\n<p>Prema istra\u017eivanju, 80 posto infekcija uzrokovano je ljudskim rukama. Kao \u0161to je \u010dak 60 posto ljudi koji putuju, na jedan ili drugi na\u010din bolesno; zbog stresa, putovanja, klima ure\u0111aja, \u2026 U Sjedinjenim Ameri\u010dkim Dr\u017eavama, u \u0161kolama kori\u0161tenjem dezinfektora za 40 posto \u0107e se smanjiti infekcije. Pokazano je da je 70 postotni izopropanol najbolju za dezinfekciju ruku, te uni\u0161tava 99,9 posto bakterija, \u0161to je dva puta vi\u0161e od prosje\u010dnih dezinfekcija.<\/p>\n\n<p>Germstarova potvrda o u\u010dinkovitosti; 30 sekundi uni\u0161tava 99,87 posto virusa&nbsp;<strong>H1N1<\/strong>&nbsp;poznatije kao svinjska gripa. Ruke nakon kori\u0161tenja su \u010diste, mekane i nisu ljepljive (dezinfektorski fluid je dermatolo\u0161ki testiran).<\/p>\n\n<h2 class=\"wp-block-heading\">DOZIRANJE i PREDNOSTI DEZINFEKCIJE GERMSTAROM<\/h2>\n\n<ul class=\"wp-block-list\"><li> Beskontaktno kori\u0161tenje (infracrveni senzor aktivira \u0161pricanje gela za dezifenkciju)<\/li><li> \u0160trcaljka se mo\u017ee pode\u0161avati (od 0,7ml preko 1, 1,5ml, 3 ml, 5ml nagore)<\/li><li> Visoko u\u010dinkovita sredstva za dezinfekciju je pogodan za kirur\u0161ku i op\u0107u uporabu, te djecu<\/li><li> Cijena jedne dezinfekcije \u20ac = 0,01 (1 posto)<\/li><li> Stol, zid, samostalan izbor<\/li><li> Za\u0161titno dezinfekcijsko sredstvo&nbsp; ima sve potrebne certifikate i izvrsne&nbsp;<a href=\"https:\/\/www.germstar.hr\/reference\/\">reference<\/a><\/li><\/ul>\n\n<h2 class=\"wp-block-heading\">GERMSTAR DOKAZANO UNI\u0160TAVA:<\/h2>\n\n<div class=\"wp-block-columns is-layout-flex wp-container-core-columns-is-layout-28f84493 wp-block-columns-is-layout-flex\"><div class=\"wp-block-column is-layout-flow wp-block-column-is-layout-flow\" style=\"flex-basis:25%\"><ul class=\"wp-block-list\"><li>H1N1 (svinjska gripa)<\/li><li>Norovirus (\u017eeludac gripe)<\/li><li>gastroenteritisa<\/li><li>E Coli<\/li><li>Salmonela<\/li><li>MRSA \u2026 i mnogi druge.<\/li><\/ul><\/div><\/div>\n\n<h2 class=\"wp-block-heading\">MOGU\u010cNOST UPORABE<\/h2>\n\n<p>Za dezinfekciju u zdravstvu, veterini, stomatolo\u0161kim uslugama, \u0161kolama, vrti\u0107ima, frizerskim i kozmeti\u010dkim salonima, uredima, na bankama \u2013 preporu\u010da se G1 linija. Za dom i osobnu upotrebu, preporu\u010da se posebno razvijen manji Germstar G2 linija proizvoda.<\/p>\n\n        <\/div>\n    <\/div>\n<\/div>","protected":false},"excerpt":{"rendered":"","protected":false},"author":1,"featured_media":0,"parent":0,"menu_order":2,"comment_status":"closed","ping_status":"closed","template":"","meta":{"_acf_changed":false,"footnotes":""},"class_list":["post-1332","page","type-page","status-publish","hentry"],"acf":[],"yoast_head":"<!-- This site is optimized with the Yoast SEO plugin v23.9 - https:\/\/yoast.com\/wordpress\/plugins\/seo\/ -->\n<title>Za\u0161to Germstar - Germstar<\/title>\n<meta name=\"robots\" content=\"index, follow, max-snippet:-1, max-image-preview:large, max-video-preview:-1\" \/>\n<link rel=\"canonical\" href=\"https:\/\/www.germstar.si\/hr\/zasto-germstar\/\" \/>\n<meta property=\"og:locale\" content=\"hr_HR\" \/>\n<meta property=\"og:type\" content=\"article\" \/>\n<meta property=\"og:title\" content=\"Za\u0161to Germstar - Germstar\" \/>\n<meta property=\"og:url\" content=\"https:\/\/www.germstar.si\/hr\/zasto-germstar\/\" \/>\n<meta property=\"og:site_name\" content=\"Germstar\" \/>\n<meta property=\"article:modified_time\" content=\"2021-06-15T11:12:53+00:00\" \/>\n<meta name=\"twitter:card\" content=\"summary_large_image\" \/>\n<meta name=\"twitter:label1\" content=\"Procijenjeno vrijeme \u010ditanja\" \/>\n\t<meta name=\"twitter:data1\" content=\"2 minute\" \/>\n<script type=\"application\/ld+json\" class=\"yoast-schema-graph\">{\"@context\":\"https:\/\/schema.org\",\"@graph\":[{\"@type\":\"WebPage\",\"@id\":\"https:\/\/www.germstar.si\/hr\/zasto-germstar\/\",\"url\":\"https:\/\/www.germstar.si\/hr\/zasto-germstar\/\",\"name\":\"Za\u0161to Germstar - Germstar\",\"isPartOf\":{\"@id\":\"https:\/\/www.germstar.si\/#website\"},\"datePublished\":\"2021-03-29T11:23:25+00:00\",\"dateModified\":\"2021-06-15T11:12:53+00:00\",\"breadcrumb\":{\"@id\":\"https:\/\/www.germstar.si\/hr\/zasto-germstar\/#breadcrumb\"},\"inLanguage\":\"hr\",\"potentialAction\":[{\"@type\":\"ReadAction\",\"target\":[\"https:\/\/www.germstar.si\/hr\/zasto-germstar\/\"]}]},{\"@type\":\"BreadcrumbList\",\"@id\":\"https:\/\/www.germstar.si\/hr\/zasto-germstar\/#breadcrumb\",\"itemListElement\":[{\"@type\":\"ListItem\",\"position\":1,\"name\":\"Home\",\"item\":\"https:\/\/www.germstar.si\/hr\/\"},{\"@type\":\"ListItem\",\"position\":2,\"name\":\"Za\u0161to Germstar\"}]},{\"@type\":\"WebSite\",\"@id\":\"https:\/\/www.germstar.si\/#website\",\"url\":\"https:\/\/www.germstar.si\/\",\"name\":\"Germstar\",\"description\":\"Antibakterijska razku\u017eila in mila za roke\",\"publisher\":{\"@id\":\"https:\/\/www.germstar.si\/#organization\"},\"potentialAction\":[{\"@type\":\"SearchAction\",\"target\":{\"@type\":\"EntryPoint\",\"urlTemplate\":\"https:\/\/www.germstar.si\/?s={search_term_string}\"},\"query-input\":{\"@type\":\"PropertyValueSpecification\",\"valueRequired\":true,\"valueName\":\"search_term_string\"}}],\"inLanguage\":\"hr\"},{\"@type\":\"Organization\",\"@id\":\"https:\/\/www.germstar.si\/#organization\",\"name\":\"Germstar\",\"url\":\"https:\/\/www.germstar.si\/\",\"logo\":{\"@type\":\"ImageObject\",\"inLanguage\":\"hr\",\"@id\":\"https:\/\/www.germstar.si\/#\/schema\/logo\/image\/\",\"url\":\"https:\/\/www.germstar.si\/wp-content\/uploads\/2021\/03\/logo.png\",\"contentUrl\":\"https:\/\/www.germstar.si\/wp-content\/uploads\/2021\/03\/logo.png\",\"width\":287,\"height\":75,\"caption\":\"Germstar\"},\"image\":{\"@id\":\"https:\/\/www.germstar.si\/#\/schema\/logo\/image\/\"}}]}<\/script>\n<!-- \/ Yoast SEO plugin. -->","yoast_head_json":{"title":"Za\u0161to Germstar - Germstar","robots":{"index":"index","follow":"follow","max-snippet":"max-snippet:-1","max-image-preview":"max-image-preview:large","max-video-preview":"max-video-preview:-1"},"canonical":"https:\/\/www.germstar.si\/hr\/zasto-germstar\/","og_locale":"hr_HR","og_type":"article","og_title":"Za\u0161to Germstar - Germstar","og_url":"https:\/\/www.germstar.si\/hr\/zasto-germstar\/","og_site_name":"Germstar","article_modified_time":"2021-06-15T11:12:53+00:00","twitter_card":"summary_large_image","twitter_misc":{"Procijenjeno vrijeme \u010ditanja":"2 minute"},"schema":{"@context":"https:\/\/schema.org","@graph":[{"@type":"WebPage","@id":"https:\/\/www.germstar.si\/hr\/zasto-germstar\/","url":"https:\/\/www.germstar.si\/hr\/zasto-germstar\/","name":"Za\u0161to Germstar - Germstar","isPartOf":{"@id":"https:\/\/www.germstar.si\/#website"},"datePublished":"2021-03-29T11:23:25+00:00","dateModified":"2021-06-15T11:12:53+00:00","breadcrumb":{"@id":"https:\/\/www.germstar.si\/hr\/zasto-germstar\/#breadcrumb"},"inLanguage":"hr","potentialAction":[{"@type":"ReadAction","target":["https:\/\/www.germstar.si\/hr\/zasto-germstar\/"]}]},{"@type":"BreadcrumbList","@id":"https:\/\/www.germstar.si\/hr\/zasto-germstar\/#breadcrumb","itemListElement":[{"@type":"ListItem","position":1,"name":"Home","item":"https:\/\/www.germstar.si\/hr\/"},{"@type":"ListItem","position":2,"name":"Za\u0161to Germstar"}]},{"@type":"WebSite","@id":"https:\/\/www.germstar.si\/#website","url":"https:\/\/www.germstar.si\/","name":"Germstar","description":"Antibakterijska razku\u017eila in mila za roke","publisher":{"@id":"https:\/\/www.germstar.si\/#organization"},"potentialAction":[{"@type":"SearchAction","target":{"@type":"EntryPoint","urlTemplate":"https:\/\/www.germstar.si\/?s={search_term_string}"},"query-input":{"@type":"PropertyValueSpecification","valueRequired":true,"valueName":"search_term_string"}}],"inLanguage":"hr"},{"@type":"Organization","@id":"https:\/\/www.germstar.si\/#organization","name":"Germstar","url":"https:\/\/www.germstar.si\/","logo":{"@type":"ImageObject","inLanguage":"hr","@id":"https:\/\/www.germstar.si\/#\/schema\/logo\/image\/","url":"https:\/\/www.germstar.si\/wp-content\/uploads\/2021\/03\/logo.png","contentUrl":"https:\/\/www.germstar.si\/wp-content\/uploads\/2021\/03\/logo.png","width":287,"height":75,"caption":"Germstar"},"image":{"@id":"https:\/\/www.germstar.si\/#\/schema\/logo\/image\/"}}]}},"_links":{"self":[{"href":"https:\/\/www.germstar.si\/hr\/wp-json\/wp\/v2\/pages\/1332","targetHints":{"allow":["GET"]}}],"collection":[{"href":"https:\/\/www.germstar.si\/hr\/wp-json\/wp\/v2\/pages"}],"about":[{"href":"https:\/\/www.germstar.si\/hr\/wp-json\/wp\/v2\/types\/page"}],"author":[{"embeddable":true,"href":"https:\/\/www.germstar.si\/hr\/wp-json\/wp\/v2\/users\/1"}],"replies":[{"embeddable":true,"href":"https:\/\/www.germstar.si\/hr\/wp-json\/wp\/v2\/comments?post=1332"}],"version-history":[{"count":2,"href":"https:\/\/www.germstar.si\/hr\/wp-json\/wp\/v2\/pages\/1332\/revisions"}],"predecessor-version":[{"id":1455,"href":"https:\/\/www.germstar.si\/hr\/wp-json\/wp\/v2\/pages\/1332\/revisions\/1455"}],"wp:attachment":[{"href":"https:\/\/www.germstar.si\/hr\/wp-json\/wp\/v2\/media?parent=1332"}],"curies":[{"name":"wp","href":"https:\/\/api.w.org\/{rel}","templated":true}]}}