{"id":1328,"date":"2021-03-29T14:13:41","date_gmt":"2021-03-29T12:13:41","guid":{"rendered":"https:\/\/www.germstar.si\/pogoji-poslovanja\/"},"modified":"2021-06-11T11:40:39","modified_gmt":"2021-06-11T09:40:39","slug":"pogoji-poslovanja","status":"publish","type":"page","link":"https:\/\/www.germstar.si\/hr\/pogoji-poslovanja\/","title":{"rendered":"Pravila i uvjeti poslovanja"},"content":{"rendered":"<div id=\"\" class=\"ow_container_section \">\n    <div class=\"container\">\n        <div class=\"content\">\n            \n<h1 class=\"wp-block-heading\">Pravila i uvjeti poslovanja<\/h1>\n\n<p><strong>Pravila i uvjeti poslovanja<\/strong><br>Zadnja izmjena: 01.08.2017<br>Op\u0107i uvjeti Online trgovina Germstar su pripremljeni u skladu sa Zakonom o za\u0161titi potro\u0161a\u010da (ZVPot-UPB2), temelji se na preporukama gospodarske komore i me\u0111unarodnih pravila za e-trgovinu.<\/p>\n\n<p>Online trgovinama Germstar (u daljnjem tekstu &#8220;trgovine&#8221; ili &#8220;Germstar&#8221;) upravlja MJ Spirit Ltd., davatelj e-prodajnih usluga (u daljnjem tekstu: &#8220;provider&#8221;).<br>Registracija za online kupnju Germstar proizvoda nije potrebna.<br>Op\u0107i uvjeti koji se odnose na rad Germstar, korisni\u010dkih prava i poslovni odnos izme\u0111u davatelja i kupca.<\/p>\n\n<p>Pristup informacijama<br>(Sa\u017eetak zakonodavstva)<\/p>\n\n<p>Ponuditelj je du\u017ean uvijek pru\u017eiti kupcu sljede\u0107e podatke:<br>a) identitet tvrtke (ime i mjesto poslovanja, broj registra)<br>b) kontakt informacije, \u0161to omogu\u0107ava korisniku brzu i u\u010dinkovitu komunikaciju (e-mail, telefon)<br>c) bitna obilje\u017eja robe ili usluga (uklju\u010duju\u0107i i nakon prodaje usluga i jamstva)<br>d) dostupnost proizvoda (svaki proizvod ili usluga koja se nudi, a trenutno nije dostupna, trebala bi biti dostupna u razumnom roku),<br>e) Uvjeti isporuke proizvoda ili obavljanja usluga (na\u010din, mjesto i vrijeme isporuke)<br>f) Sve cijene moraju biti jasno i nedvosmisleno definirati i mora se pokazati da je ve\u0107 uklju\u010duju poreze i tro\u0161kove prijevoza<br>g) na\u010din pla\u0107anja i dostave<br>h) trajanje ponude,<br>i) rok u kojem je mogu\u0107e odustati od ugovora i uvjeta za povla\u010denje; \u0161tovi\u0161e, o tome ho\u0107e li i koliko kupac odustati od ugovora,<br>j) obja\u0161njenje \u017ealbenog postupka, uklju\u010duju\u0107i sve detalje kontakt osobu ili odjel za uspostavu kontakata s korisnicima.<\/p>\n\n<p>Ponuda artikala<br>Zbog prirode online poslovanje stranice Germstar se svakodnevno a\u017euriraju.<br>Cijene su predstavljeni kao redovne cijene. Redovni cijene su cijene koje su oblikuju prodavatelji. Redovna cijena vrijedi za online kupnju, u slu\u010daju 100% pla\u0107anja gotovinom ili pla\u0107anja ra\u010duna od strane bankovnog transfera na bankovni ra\u010dun.<br>Na\u010din pla\u0107anja<br>Usluga nudi sljede\u0107e na\u010dine pla\u0107anja:<br>Pla\u0107anje po isporuci *<br>prijenosom na ra\u010dun prodavatelja Germstar &#8211; MJ Spirit Ltd. nakon ponude \/ predra\u010duna<\/p>\n\n<p>* U slu\u010daju pojedina\u010dnih naloga zadr\u017eavamo pravo tra\u017eiti pla\u0107anje bankovnom doznakom na ra\u010dun upravitelja Germstar &#8211; MJ Spirit d.o.o. (Nakon ponude \/ predra\u010duna).<br>Prodavatelj \u0107e izdati ra\u010dun kupca u trajnom mediju, s uklju\u010denim tro\u0161kovima i uputama o tome kako odustati od kupnje, a da predmeti budu vra\u0107eni, ako je potrebno i mogu\u0107e. Kupac je du\u017ean provjeriti to\u010dnost podataka na ra\u010dunu i obavijestiti prodavatelja o svim nedostacima u roku od osam dana od dana primitka. Kasniji prigovori od zadanog roka, se ne uva\u017eavaju.<br>Kupoprodajni ugovor (ugovor) elektronski je spremljen na kod prodavatelja.<\/p>\n\n        <\/div>\n    <\/div>\n<\/div>","protected":false},"excerpt":{"rendered":"","protected":false},"author":1,"featured_media":0,"parent":0,"menu_order":11,"comment_status":"closed","ping_status":"closed","template":"","meta":{"_acf_changed":false,"footnotes":""},"class_list":["post-1328","page","type-page","status-publish","hentry"],"acf":[],"yoast_head":"<!-- This site is optimized with the Yoast SEO plugin v23.9 - https:\/\/yoast.com\/wordpress\/plugins\/seo\/ -->\n<title>Pravila i uvjeti poslovanja - Germstar<\/title>\n<meta name=\"robots\" content=\"index, follow, max-snippet:-1, max-image-preview:large, max-video-preview:-1\" \/>\n<link rel=\"canonical\" href=\"https:\/\/www.germstar.si\/hr\/pogoji-poslovanja\/\" \/>\n<meta property=\"og:locale\" content=\"hr_HR\" \/>\n<meta property=\"og:type\" content=\"article\" \/>\n<meta property=\"og:title\" content=\"Pravila i uvjeti poslovanja - Germstar\" \/>\n<meta property=\"og:url\" content=\"https:\/\/www.germstar.si\/hr\/pogoji-poslovanja\/\" \/>\n<meta property=\"og:site_name\" content=\"Germstar\" \/>\n<meta property=\"article:modified_time\" content=\"2021-06-11T09:40:39+00:00\" \/>\n<meta name=\"twitter:card\" content=\"summary_large_image\" \/>\n<meta name=\"twitter:label1\" content=\"Procijenjeno vrijeme \u010ditanja\" \/>\n\t<meta name=\"twitter:data1\" content=\"2 minute\" \/>\n<script type=\"application\/ld+json\" class=\"yoast-schema-graph\">{\"@context\":\"https:\/\/schema.org\",\"@graph\":[{\"@type\":\"WebPage\",\"@id\":\"https:\/\/www.germstar.si\/hr\/pogoji-poslovanja\/\",\"url\":\"https:\/\/www.germstar.si\/hr\/pogoji-poslovanja\/\",\"name\":\"Pravila i uvjeti poslovanja - Germstar\",\"isPartOf\":{\"@id\":\"https:\/\/www.germstar.si\/#website\"},\"datePublished\":\"2021-03-29T12:13:41+00:00\",\"dateModified\":\"2021-06-11T09:40:39+00:00\",\"breadcrumb\":{\"@id\":\"https:\/\/www.germstar.si\/hr\/pogoji-poslovanja\/#breadcrumb\"},\"inLanguage\":\"hr\",\"potentialAction\":[{\"@type\":\"ReadAction\",\"target\":[\"https:\/\/www.germstar.si\/hr\/pogoji-poslovanja\/\"]}]},{\"@type\":\"BreadcrumbList\",\"@id\":\"https:\/\/www.germstar.si\/hr\/pogoji-poslovanja\/#breadcrumb\",\"itemListElement\":[{\"@type\":\"ListItem\",\"position\":1,\"name\":\"Home\",\"item\":\"https:\/\/www.germstar.si\/hr\/\"},{\"@type\":\"ListItem\",\"position\":2,\"name\":\"Pravila i uvjeti poslovanja\"}]},{\"@type\":\"WebSite\",\"@id\":\"https:\/\/www.germstar.si\/#website\",\"url\":\"https:\/\/www.germstar.si\/\",\"name\":\"Germstar\",\"description\":\"Antibakterijska razku\u017eila in mila za roke\",\"publisher\":{\"@id\":\"https:\/\/www.germstar.si\/#organization\"},\"potentialAction\":[{\"@type\":\"SearchAction\",\"target\":{\"@type\":\"EntryPoint\",\"urlTemplate\":\"https:\/\/www.germstar.si\/?s={search_term_string}\"},\"query-input\":{\"@type\":\"PropertyValueSpecification\",\"valueRequired\":true,\"valueName\":\"search_term_string\"}}],\"inLanguage\":\"hr\"},{\"@type\":\"Organization\",\"@id\":\"https:\/\/www.germstar.si\/#organization\",\"name\":\"Germstar\",\"url\":\"https:\/\/www.germstar.si\/\",\"logo\":{\"@type\":\"ImageObject\",\"inLanguage\":\"hr\",\"@id\":\"https:\/\/www.germstar.si\/#\/schema\/logo\/image\/\",\"url\":\"https:\/\/www.germstar.si\/wp-content\/uploads\/2021\/03\/logo.png\",\"contentUrl\":\"https:\/\/www.germstar.si\/wp-content\/uploads\/2021\/03\/logo.png\",\"width\":287,\"height\":75,\"caption\":\"Germstar\"},\"image\":{\"@id\":\"https:\/\/www.germstar.si\/#\/schema\/logo\/image\/\"}}]}<\/script>\n<!-- \/ Yoast SEO plugin. -->","yoast_head_json":{"title":"Pravila i uvjeti poslovanja - Germstar","robots":{"index":"index","follow":"follow","max-snippet":"max-snippet:-1","max-image-preview":"max-image-preview:large","max-video-preview":"max-video-preview:-1"},"canonical":"https:\/\/www.germstar.si\/hr\/pogoji-poslovanja\/","og_locale":"hr_HR","og_type":"article","og_title":"Pravila i uvjeti poslovanja - Germstar","og_url":"https:\/\/www.germstar.si\/hr\/pogoji-poslovanja\/","og_site_name":"Germstar","article_modified_time":"2021-06-11T09:40:39+00:00","twitter_card":"summary_large_image","twitter_misc":{"Procijenjeno vrijeme \u010ditanja":"2 minute"},"schema":{"@context":"https:\/\/schema.org","@graph":[{"@type":"WebPage","@id":"https:\/\/www.germstar.si\/hr\/pogoji-poslovanja\/","url":"https:\/\/www.germstar.si\/hr\/pogoji-poslovanja\/","name":"Pravila i uvjeti poslovanja - Germstar","isPartOf":{"@id":"https:\/\/www.germstar.si\/#website"},"datePublished":"2021-03-29T12:13:41+00:00","dateModified":"2021-06-11T09:40:39+00:00","breadcrumb":{"@id":"https:\/\/www.germstar.si\/hr\/pogoji-poslovanja\/#breadcrumb"},"inLanguage":"hr","potentialAction":[{"@type":"ReadAction","target":["https:\/\/www.germstar.si\/hr\/pogoji-poslovanja\/"]}]},{"@type":"BreadcrumbList","@id":"https:\/\/www.germstar.si\/hr\/pogoji-poslovanja\/#breadcrumb","itemListElement":[{"@type":"ListItem","position":1,"name":"Home","item":"https:\/\/www.germstar.si\/hr\/"},{"@type":"ListItem","position":2,"name":"Pravila i uvjeti poslovanja"}]},{"@type":"WebSite","@id":"https:\/\/www.germstar.si\/#website","url":"https:\/\/www.germstar.si\/","name":"Germstar","description":"Antibakterijska razku\u017eila in mila za roke","publisher":{"@id":"https:\/\/www.germstar.si\/#organization"},"potentialAction":[{"@type":"SearchAction","target":{"@type":"EntryPoint","urlTemplate":"https:\/\/www.germstar.si\/?s={search_term_string}"},"query-input":{"@type":"PropertyValueSpecification","valueRequired":true,"valueName":"search_term_string"}}],"inLanguage":"hr"},{"@type":"Organization","@id":"https:\/\/www.germstar.si\/#organization","name":"Germstar","url":"https:\/\/www.germstar.si\/","logo":{"@type":"ImageObject","inLanguage":"hr","@id":"https:\/\/www.germstar.si\/#\/schema\/logo\/image\/","url":"https:\/\/www.germstar.si\/wp-content\/uploads\/2021\/03\/logo.png","contentUrl":"https:\/\/www.germstar.si\/wp-content\/uploads\/2021\/03\/logo.png","width":287,"height":75,"caption":"Germstar"},"image":{"@id":"https:\/\/www.germstar.si\/#\/schema\/logo\/image\/"}}]}},"_links":{"self":[{"href":"https:\/\/www.germstar.si\/hr\/wp-json\/wp\/v2\/pages\/1328","targetHints":{"allow":["GET"]}}],"collection":[{"href":"https:\/\/www.germstar.si\/hr\/wp-json\/wp\/v2\/pages"}],"about":[{"href":"https:\/\/www.germstar.si\/hr\/wp-json\/wp\/v2\/types\/page"}],"author":[{"embeddable":true,"href":"https:\/\/www.germstar.si\/hr\/wp-json\/wp\/v2\/users\/1"}],"replies":[{"embeddable":true,"href":"https:\/\/www.germstar.si\/hr\/wp-json\/wp\/v2\/comments?post=1328"}],"version-history":[{"count":1,"href":"https:\/\/www.germstar.si\/hr\/wp-json\/wp\/v2\/pages\/1328\/revisions"}],"predecessor-version":[{"id":1378,"href":"https:\/\/www.germstar.si\/hr\/wp-json\/wp\/v2\/pages\/1328\/revisions\/1378"}],"wp:attachment":[{"href":"https:\/\/www.germstar.si\/hr\/wp-json\/wp\/v2\/media?parent=1328"}],"curies":[{"name":"wp","href":"https:\/\/api.w.org\/{rel}","templated":true}]}}