{"id":1326,"date":"2021-03-29T14:14:11","date_gmt":"2021-03-29T12:14:11","guid":{"rendered":"https:\/\/www.germstar.si\/moznosti-placila\/"},"modified":"2021-06-11T11:46:41","modified_gmt":"2021-06-11T09:46:41","slug":"moznosti-placila","status":"publish","type":"page","link":"https:\/\/www.germstar.si\/hr\/moznosti-placila\/","title":{"rendered":"Na\u010din pla\u0107anja"},"content":{"rendered":"<div id=\"\" class=\"ow_container_section \">\n    <div class=\"container\">\n        <div class=\"content\">\n            \n<p>Zadnja izmjena: 01.08.2017<br>Na\u010din pla\u0107anja<br>Online trgovina Germstar pru\u017ea sljede\u0107e na\u010dine pla\u0107anja:<br>Novac nakon isporuke *<br>prijenosom na ra\u010dun upravitelja Germstar- MJ Spirit Ltd. (Nakon ponude \/ predra\u010duna)<\/p>\n\n<p>* U slu\u010daju pojedina\u010dnih naloga zadr\u017eavamo pravo tra\u017eiti pla\u0107anje bankovnom doznakom na ra\u010dun upravitelja Germstar \u2013 MJ Spirit d.o.o. (Nakon ponude \/ predra\u010duna).<\/p>\n\n<p>Cijene su va\u017ee\u0107e u vrijeme dodjele ugovora i imaju unaprijed odre\u0111eno trajanje.<\/p>\n\n<p>Cijene vrijede u slu\u010daju pla\u0107anja s navedenih na\u010dina pla\u0107anja, pod gore navedenim uvjetima.<br>Unato\u010d golemim naporima da se osigura to\u010dnost informacija, mo\u017ee se dogoditi da su podaci o cijeni pogre\u0161ni. U tom slu\u010daju, ili u slu\u010daju da promjeni cijene tijekom obrade narud\u017ebe, usluga korisnicima \u0107e omogu\u0107iti odustajanje od kupnje, ali \u0107e tako\u0111er ponuditi korisnicima usluga rje\u0161enje koje \u0107e i\u0107i na obostrano zadovoljstvo.<\/p>\n\n<p>Kupoprodajni ugovor izme\u0111u davatelja i kupca je sklopljen u trenutku kada dobavlja\u010d potvrdi narud\u017ebu (kupac dobiva e-mail o statusu narud\u017ebe). Od tog trenutka, sve cijene i ostali uvjeti su fiksni i primjenjuju se na prodavatelja i na kupca.<br>Davatelj \u0107e izdati ra\u010dun kupcu u trajnom mediju, s obra\u010dunatim tro\u0161kovima i uputama o tome kako odustati od kupnje i nakoji na\u010din predmeti mogu biti vra\u0107eni, ako je potrebno i mogu\u0107e. Kupac je du\u017ean provjeriti to\u010dnost podataka na ra\u010dunu i obavijestiti prodavatelja o svim nedostacima u roku od osam dana od dana primitka.<br>Kasniji prigovori od zadanog roka, se ne uva\u017eavaju.<\/p>\n\n        <\/div>\n    <\/div>\n<\/div>","protected":false},"excerpt":{"rendered":"","protected":false},"author":1,"featured_media":0,"parent":0,"menu_order":13,"comment_status":"closed","ping_status":"closed","template":"","meta":{"_acf_changed":false,"footnotes":""},"class_list":["post-1326","page","type-page","status-publish","hentry"],"acf":[],"yoast_head":"<!-- This site is optimized with the Yoast SEO plugin v23.9 - https:\/\/yoast.com\/wordpress\/plugins\/seo\/ -->\n<title>Na\u010din pla\u0107anja - Germstar<\/title>\n<meta name=\"robots\" content=\"index, follow, max-snippet:-1, max-image-preview:large, max-video-preview:-1\" \/>\n<link rel=\"canonical\" href=\"https:\/\/www.germstar.si\/hr\/moznosti-placila\/\" \/>\n<meta property=\"og:locale\" content=\"hr_HR\" \/>\n<meta property=\"og:type\" content=\"article\" \/>\n<meta property=\"og:title\" content=\"Na\u010din pla\u0107anja - Germstar\" \/>\n<meta property=\"og:url\" content=\"https:\/\/www.germstar.si\/hr\/moznosti-placila\/\" \/>\n<meta property=\"og:site_name\" content=\"Germstar\" \/>\n<meta property=\"article:modified_time\" content=\"2021-06-11T09:46:41+00:00\" \/>\n<meta name=\"twitter:card\" content=\"summary_large_image\" \/>\n<meta name=\"twitter:label1\" content=\"Procijenjeno vrijeme \u010ditanja\" \/>\n\t<meta name=\"twitter:data1\" content=\"1 minuta\" \/>\n<script type=\"application\/ld+json\" class=\"yoast-schema-graph\">{\"@context\":\"https:\/\/schema.org\",\"@graph\":[{\"@type\":\"WebPage\",\"@id\":\"https:\/\/www.germstar.si\/hr\/moznosti-placila\/\",\"url\":\"https:\/\/www.germstar.si\/hr\/moznosti-placila\/\",\"name\":\"Na\u010din pla\u0107anja - Germstar\",\"isPartOf\":{\"@id\":\"https:\/\/www.germstar.si\/#website\"},\"datePublished\":\"2021-03-29T12:14:11+00:00\",\"dateModified\":\"2021-06-11T09:46:41+00:00\",\"breadcrumb\":{\"@id\":\"https:\/\/www.germstar.si\/hr\/moznosti-placila\/#breadcrumb\"},\"inLanguage\":\"hr\",\"potentialAction\":[{\"@type\":\"ReadAction\",\"target\":[\"https:\/\/www.germstar.si\/hr\/moznosti-placila\/\"]}]},{\"@type\":\"BreadcrumbList\",\"@id\":\"https:\/\/www.germstar.si\/hr\/moznosti-placila\/#breadcrumb\",\"itemListElement\":[{\"@type\":\"ListItem\",\"position\":1,\"name\":\"Home\",\"item\":\"https:\/\/www.germstar.si\/hr\/\"},{\"@type\":\"ListItem\",\"position\":2,\"name\":\"Na\u010din pla\u0107anja\"}]},{\"@type\":\"WebSite\",\"@id\":\"https:\/\/www.germstar.si\/#website\",\"url\":\"https:\/\/www.germstar.si\/\",\"name\":\"Germstar\",\"description\":\"Antibakterijska razku\u017eila in mila za roke\",\"publisher\":{\"@id\":\"https:\/\/www.germstar.si\/#organization\"},\"potentialAction\":[{\"@type\":\"SearchAction\",\"target\":{\"@type\":\"EntryPoint\",\"urlTemplate\":\"https:\/\/www.germstar.si\/?s={search_term_string}\"},\"query-input\":{\"@type\":\"PropertyValueSpecification\",\"valueRequired\":true,\"valueName\":\"search_term_string\"}}],\"inLanguage\":\"hr\"},{\"@type\":\"Organization\",\"@id\":\"https:\/\/www.germstar.si\/#organization\",\"name\":\"Germstar\",\"url\":\"https:\/\/www.germstar.si\/\",\"logo\":{\"@type\":\"ImageObject\",\"inLanguage\":\"hr\",\"@id\":\"https:\/\/www.germstar.si\/#\/schema\/logo\/image\/\",\"url\":\"https:\/\/www.germstar.si\/wp-content\/uploads\/2021\/03\/logo.png\",\"contentUrl\":\"https:\/\/www.germstar.si\/wp-content\/uploads\/2021\/03\/logo.png\",\"width\":287,\"height\":75,\"caption\":\"Germstar\"},\"image\":{\"@id\":\"https:\/\/www.germstar.si\/#\/schema\/logo\/image\/\"}}]}<\/script>\n<!-- \/ Yoast SEO plugin. -->","yoast_head_json":{"title":"Na\u010din pla\u0107anja - Germstar","robots":{"index":"index","follow":"follow","max-snippet":"max-snippet:-1","max-image-preview":"max-image-preview:large","max-video-preview":"max-video-preview:-1"},"canonical":"https:\/\/www.germstar.si\/hr\/moznosti-placila\/","og_locale":"hr_HR","og_type":"article","og_title":"Na\u010din pla\u0107anja - Germstar","og_url":"https:\/\/www.germstar.si\/hr\/moznosti-placila\/","og_site_name":"Germstar","article_modified_time":"2021-06-11T09:46:41+00:00","twitter_card":"summary_large_image","twitter_misc":{"Procijenjeno vrijeme \u010ditanja":"1 minuta"},"schema":{"@context":"https:\/\/schema.org","@graph":[{"@type":"WebPage","@id":"https:\/\/www.germstar.si\/hr\/moznosti-placila\/","url":"https:\/\/www.germstar.si\/hr\/moznosti-placila\/","name":"Na\u010din pla\u0107anja - Germstar","isPartOf":{"@id":"https:\/\/www.germstar.si\/#website"},"datePublished":"2021-03-29T12:14:11+00:00","dateModified":"2021-06-11T09:46:41+00:00","breadcrumb":{"@id":"https:\/\/www.germstar.si\/hr\/moznosti-placila\/#breadcrumb"},"inLanguage":"hr","potentialAction":[{"@type":"ReadAction","target":["https:\/\/www.germstar.si\/hr\/moznosti-placila\/"]}]},{"@type":"BreadcrumbList","@id":"https:\/\/www.germstar.si\/hr\/moznosti-placila\/#breadcrumb","itemListElement":[{"@type":"ListItem","position":1,"name":"Home","item":"https:\/\/www.germstar.si\/hr\/"},{"@type":"ListItem","position":2,"name":"Na\u010din pla\u0107anja"}]},{"@type":"WebSite","@id":"https:\/\/www.germstar.si\/#website","url":"https:\/\/www.germstar.si\/","name":"Germstar","description":"Antibakterijska razku\u017eila in mila za roke","publisher":{"@id":"https:\/\/www.germstar.si\/#organization"},"potentialAction":[{"@type":"SearchAction","target":{"@type":"EntryPoint","urlTemplate":"https:\/\/www.germstar.si\/?s={search_term_string}"},"query-input":{"@type":"PropertyValueSpecification","valueRequired":true,"valueName":"search_term_string"}}],"inLanguage":"hr"},{"@type":"Organization","@id":"https:\/\/www.germstar.si\/#organization","name":"Germstar","url":"https:\/\/www.germstar.si\/","logo":{"@type":"ImageObject","inLanguage":"hr","@id":"https:\/\/www.germstar.si\/#\/schema\/logo\/image\/","url":"https:\/\/www.germstar.si\/wp-content\/uploads\/2021\/03\/logo.png","contentUrl":"https:\/\/www.germstar.si\/wp-content\/uploads\/2021\/03\/logo.png","width":287,"height":75,"caption":"Germstar"},"image":{"@id":"https:\/\/www.germstar.si\/#\/schema\/logo\/image\/"}}]}},"_links":{"self":[{"href":"https:\/\/www.germstar.si\/hr\/wp-json\/wp\/v2\/pages\/1326","targetHints":{"allow":["GET"]}}],"collection":[{"href":"https:\/\/www.germstar.si\/hr\/wp-json\/wp\/v2\/pages"}],"about":[{"href":"https:\/\/www.germstar.si\/hr\/wp-json\/wp\/v2\/types\/page"}],"author":[{"embeddable":true,"href":"https:\/\/www.germstar.si\/hr\/wp-json\/wp\/v2\/users\/1"}],"replies":[{"embeddable":true,"href":"https:\/\/www.germstar.si\/hr\/wp-json\/wp\/v2\/comments?post=1326"}],"version-history":[{"count":1,"href":"https:\/\/www.germstar.si\/hr\/wp-json\/wp\/v2\/pages\/1326\/revisions"}],"predecessor-version":[{"id":1381,"href":"https:\/\/www.germstar.si\/hr\/wp-json\/wp\/v2\/pages\/1326\/revisions\/1381"}],"wp:attachment":[{"href":"https:\/\/www.germstar.si\/hr\/wp-json\/wp\/v2\/media?parent=1326"}],"curies":[{"name":"wp","href":"https:\/\/api.w.org\/{rel}","templated":true}]}}