{"id":1325,"date":"2021-03-29T14:14:26","date_gmt":"2021-03-29T12:14:26","guid":{"rendered":"https:\/\/www.germstar.si\/o-dostavi\/"},"modified":"2021-06-11T11:51:40","modified_gmt":"2021-06-11T09:51:40","slug":"o-dostavi","status":"publish","type":"page","link":"https:\/\/www.germstar.si\/hr\/o-dostavi\/","title":{"rendered":"O isporuci"},"content":{"rendered":"<div id=\"\" class=\"ow_container_section \">\n    <div class=\"container\">\n        <div class=\"content\">\n            \n<h1 class=\"wp-block-heading\">O isporuci<\/h1>\n\n<p>dostava naru\u010dene robe<br>Zadnja izmjena: 01.08.2017<br>Roba naru\u010dena u Online Shop Germstar ide na put \u0161to je prije mogu\u0107e, u pravilu istog dana.<br>Na\u0161 logisti\u010dki centar u Ljubljani \u0107e na to obratiti posebnu pozornost, jer brzina i prakti\u010dnost isporuke za nas je presudna.<br>Kako bi se isporu\u010dili naru\u010deni predmeti \u0161to je prije mogu\u0107e, uvijek \u0107emo odabrati najoptimalniji na\u010din. To je paketna isporuka Post Slovenije, \u0161to zna\u010di da mo\u017eete o\u010dekivati isporuku sljede\u0107eg dana. Ako niste na adresi isporuke toga dana, mo\u017eete je pokupiti u najbli\u017eem po\u0161tanskom uredu.<\/p>\n\n<p>Tro\u0161ak dostave Slovenije ovisi o vrijednosti ugovora.<br>Tro\u0161ak dostave je jedinstven za cijelu zemlju, a ovisi o vrijednosti ugovora:<br>od \u20ac 0 do 136 \u20ac iznosi za isporuku&nbsp; 12 \u20ac<br>od 136 \u20ac do 161 \u20ac iznosi za isporuku&nbsp; 6 \u20ac<br>od 161 \u20ac iznosi za isporuku&nbsp; 3 \u20ac<\/p>\n\n<p>Tro\u0161ak dostave u inozemstvu ovisi o cijeni slanja po\u0161te Sloveniju u odabranu zemlju.<\/p>\n\n        <\/div>\n    <\/div>\n<\/div>","protected":false},"excerpt":{"rendered":"","protected":false},"author":1,"featured_media":0,"parent":0,"menu_order":14,"comment_status":"closed","ping_status":"closed","template":"","meta":{"_acf_changed":false,"footnotes":""},"class_list":["post-1325","page","type-page","status-publish","hentry"],"acf":[],"yoast_head":"<!-- This site is optimized with the Yoast SEO plugin v23.9 - https:\/\/yoast.com\/wordpress\/plugins\/seo\/ -->\n<title>O isporuci - Germstar<\/title>\n<meta name=\"robots\" content=\"index, follow, max-snippet:-1, max-image-preview:large, max-video-preview:-1\" \/>\n<link rel=\"canonical\" href=\"https:\/\/www.germstar.si\/hr\/o-dostavi\/\" \/>\n<meta property=\"og:locale\" content=\"hr_HR\" \/>\n<meta property=\"og:type\" content=\"article\" \/>\n<meta property=\"og:title\" content=\"O isporuci - Germstar\" \/>\n<meta property=\"og:url\" content=\"https:\/\/www.germstar.si\/hr\/o-dostavi\/\" \/>\n<meta property=\"og:site_name\" content=\"Germstar\" \/>\n<meta property=\"article:modified_time\" content=\"2021-06-11T09:51:40+00:00\" \/>\n<meta name=\"twitter:card\" content=\"summary_large_image\" \/>\n<meta name=\"twitter:label1\" content=\"Procijenjeno vrijeme \u010ditanja\" \/>\n\t<meta name=\"twitter:data1\" content=\"1 minuta\" \/>\n<script type=\"application\/ld+json\" class=\"yoast-schema-graph\">{\"@context\":\"https:\/\/schema.org\",\"@graph\":[{\"@type\":\"WebPage\",\"@id\":\"https:\/\/www.germstar.si\/hr\/o-dostavi\/\",\"url\":\"https:\/\/www.germstar.si\/hr\/o-dostavi\/\",\"name\":\"O isporuci - Germstar\",\"isPartOf\":{\"@id\":\"https:\/\/www.germstar.si\/#website\"},\"datePublished\":\"2021-03-29T12:14:26+00:00\",\"dateModified\":\"2021-06-11T09:51:40+00:00\",\"breadcrumb\":{\"@id\":\"https:\/\/www.germstar.si\/hr\/o-dostavi\/#breadcrumb\"},\"inLanguage\":\"hr\",\"potentialAction\":[{\"@type\":\"ReadAction\",\"target\":[\"https:\/\/www.germstar.si\/hr\/o-dostavi\/\"]}]},{\"@type\":\"BreadcrumbList\",\"@id\":\"https:\/\/www.germstar.si\/hr\/o-dostavi\/#breadcrumb\",\"itemListElement\":[{\"@type\":\"ListItem\",\"position\":1,\"name\":\"Home\",\"item\":\"https:\/\/www.germstar.si\/hr\/\"},{\"@type\":\"ListItem\",\"position\":2,\"name\":\"O isporuci\"}]},{\"@type\":\"WebSite\",\"@id\":\"https:\/\/www.germstar.si\/#website\",\"url\":\"https:\/\/www.germstar.si\/\",\"name\":\"Germstar\",\"description\":\"Antibakterijska razku\u017eila in mila za roke\",\"publisher\":{\"@id\":\"https:\/\/www.germstar.si\/#organization\"},\"potentialAction\":[{\"@type\":\"SearchAction\",\"target\":{\"@type\":\"EntryPoint\",\"urlTemplate\":\"https:\/\/www.germstar.si\/?s={search_term_string}\"},\"query-input\":{\"@type\":\"PropertyValueSpecification\",\"valueRequired\":true,\"valueName\":\"search_term_string\"}}],\"inLanguage\":\"hr\"},{\"@type\":\"Organization\",\"@id\":\"https:\/\/www.germstar.si\/#organization\",\"name\":\"Germstar\",\"url\":\"https:\/\/www.germstar.si\/\",\"logo\":{\"@type\":\"ImageObject\",\"inLanguage\":\"hr\",\"@id\":\"https:\/\/www.germstar.si\/#\/schema\/logo\/image\/\",\"url\":\"https:\/\/www.germstar.si\/wp-content\/uploads\/2021\/03\/logo.png\",\"contentUrl\":\"https:\/\/www.germstar.si\/wp-content\/uploads\/2021\/03\/logo.png\",\"width\":287,\"height\":75,\"caption\":\"Germstar\"},\"image\":{\"@id\":\"https:\/\/www.germstar.si\/#\/schema\/logo\/image\/\"}}]}<\/script>\n<!-- \/ Yoast SEO plugin. -->","yoast_head_json":{"title":"O isporuci - Germstar","robots":{"index":"index","follow":"follow","max-snippet":"max-snippet:-1","max-image-preview":"max-image-preview:large","max-video-preview":"max-video-preview:-1"},"canonical":"https:\/\/www.germstar.si\/hr\/o-dostavi\/","og_locale":"hr_HR","og_type":"article","og_title":"O isporuci - Germstar","og_url":"https:\/\/www.germstar.si\/hr\/o-dostavi\/","og_site_name":"Germstar","article_modified_time":"2021-06-11T09:51:40+00:00","twitter_card":"summary_large_image","twitter_misc":{"Procijenjeno vrijeme \u010ditanja":"1 minuta"},"schema":{"@context":"https:\/\/schema.org","@graph":[{"@type":"WebPage","@id":"https:\/\/www.germstar.si\/hr\/o-dostavi\/","url":"https:\/\/www.germstar.si\/hr\/o-dostavi\/","name":"O isporuci - Germstar","isPartOf":{"@id":"https:\/\/www.germstar.si\/#website"},"datePublished":"2021-03-29T12:14:26+00:00","dateModified":"2021-06-11T09:51:40+00:00","breadcrumb":{"@id":"https:\/\/www.germstar.si\/hr\/o-dostavi\/#breadcrumb"},"inLanguage":"hr","potentialAction":[{"@type":"ReadAction","target":["https:\/\/www.germstar.si\/hr\/o-dostavi\/"]}]},{"@type":"BreadcrumbList","@id":"https:\/\/www.germstar.si\/hr\/o-dostavi\/#breadcrumb","itemListElement":[{"@type":"ListItem","position":1,"name":"Home","item":"https:\/\/www.germstar.si\/hr\/"},{"@type":"ListItem","position":2,"name":"O isporuci"}]},{"@type":"WebSite","@id":"https:\/\/www.germstar.si\/#website","url":"https:\/\/www.germstar.si\/","name":"Germstar","description":"Antibakterijska razku\u017eila in mila za roke","publisher":{"@id":"https:\/\/www.germstar.si\/#organization"},"potentialAction":[{"@type":"SearchAction","target":{"@type":"EntryPoint","urlTemplate":"https:\/\/www.germstar.si\/?s={search_term_string}"},"query-input":{"@type":"PropertyValueSpecification","valueRequired":true,"valueName":"search_term_string"}}],"inLanguage":"hr"},{"@type":"Organization","@id":"https:\/\/www.germstar.si\/#organization","name":"Germstar","url":"https:\/\/www.germstar.si\/","logo":{"@type":"ImageObject","inLanguage":"hr","@id":"https:\/\/www.germstar.si\/#\/schema\/logo\/image\/","url":"https:\/\/www.germstar.si\/wp-content\/uploads\/2021\/03\/logo.png","contentUrl":"https:\/\/www.germstar.si\/wp-content\/uploads\/2021\/03\/logo.png","width":287,"height":75,"caption":"Germstar"},"image":{"@id":"https:\/\/www.germstar.si\/#\/schema\/logo\/image\/"}}]}},"_links":{"self":[{"href":"https:\/\/www.germstar.si\/hr\/wp-json\/wp\/v2\/pages\/1325","targetHints":{"allow":["GET"]}}],"collection":[{"href":"https:\/\/www.germstar.si\/hr\/wp-json\/wp\/v2\/pages"}],"about":[{"href":"https:\/\/www.germstar.si\/hr\/wp-json\/wp\/v2\/types\/page"}],"author":[{"embeddable":true,"href":"https:\/\/www.germstar.si\/hr\/wp-json\/wp\/v2\/users\/1"}],"replies":[{"embeddable":true,"href":"https:\/\/www.germstar.si\/hr\/wp-json\/wp\/v2\/comments?post=1325"}],"version-history":[{"count":1,"href":"https:\/\/www.germstar.si\/hr\/wp-json\/wp\/v2\/pages\/1325\/revisions"}],"predecessor-version":[{"id":1383,"href":"https:\/\/www.germstar.si\/hr\/wp-json\/wp\/v2\/pages\/1325\/revisions\/1383"}],"wp:attachment":[{"href":"https:\/\/www.germstar.si\/hr\/wp-json\/wp\/v2\/media?parent=1325"}],"curies":[{"name":"wp","href":"https:\/\/api.w.org\/{rel}","templated":true}]}}